{"id":7411,"date":"2018-05-15T12:02:31","date_gmt":"2018-05-15T12:02:31","guid":{"rendered":"https:\/\/www.plumprops.com\/?product=niebieskie-klasyczne-%c5%82ozeczko"},"modified":"2024-02-07T16:36:22","modified_gmt":"2024-02-07T16:36:22","slug":"klasyczne-lozeczko","status":"publish","type":"product","link":"https:\/\/www.plumprops.com\/pl\/lozeczka-drewniane\/klasyczne-lozeczko\/","title":{"rendered":"Klasyczne \u0142\u00f3\u017ceczko"},"content":{"rendered":"<p>Klasyczne \u0142\u00f3\u017ceczko dzieci\u0119ce znajduj\u0105ce si\u0119 w ofercie naszego sklepu to wyj\u0105tkowy gad\u017cet do sesji zdj\u0119ciowych niemowl\u0119cych i noworodkowych, kt\u00f3ry w naturalny spos\u00f3b wzbogaci ka\u017cd\u0105 klatk\u0119. Mo\u017ce by\u0107 ono wykorzystane zar\u00f3wno przez profesjonalist\u00f3w, kt\u00f3rzy specjalizuj\u0105 si\u0119 w tego typu fotografii, jak r\u00f3wnie\u017c przez osoby, kt\u00f3re dopiero zaczynaj\u0105 swoj\u0105 przygod\u0119 z fotografi\u0105 dzieci\u0119c\u0105 i pragn\u0105 zbudowa\u0107 warto\u015bciowe dla przysz\u0142ych Klient\u00f3w portfolio. \u0141\u00f3\u017ceczko b\u0119dzie odpowiednie zar\u00f3wno podczas sesji dziewcz\u0119cych, jak i ch\u0142opi\u0119cych.<\/p>\n<p>\u0141\u00f3\u017ceczko wykonane jest r\u0119cznie, z dobrego gatunkowo drewna, co zapewnia mu stabilno\u015b\u0107 oraz solidno\u015b\u0107, a w konsekwencji &#8211; poczucie bezpiecze\u0144stwa i komfort fotografowanemu na nim maluchowi. Zosta\u0142o ono pomalowane na wiele kolor\u00f3w, dzi\u0119ki czemu prezentuje si\u0119 elegancko, klasycznie i stylowo. Uniwersalna barwa sprawia, \u017ce mo\u017cna je zestawi\u0107 z dowolnymi dodatkami i akcentami, a zawsze b\u0119dzie prezentowa\u0107 si\u0119 sp\u00f3jnie i \u0142adnie. Swoim wygl\u0105dem wizualnym produkt nawi\u0105zuje do stylu vintage, kt\u00f3ry w subtelny spos\u00f3b miesza si\u0119 tu z folklorem. Przetarcia widoczne na \u0142\u00f3\u017ceczku to efekt wizualny zastosowany podczas procesu produkcji i maj\u0105cy na celu sprawi\u0107, \u017ce produkt b\u0119dzie prezentowa\u0142 si\u0119 tak, jakby by\u0142 mu\u015bni\u0119ty dzia\u0142aniem czasu. Zar\u00f3wno wezg\u0142owie, jak i boki \u0142\u00f3\u017ceczka s\u0105 dekoracyjne, co dodatkowo podnosi walory estetyczne ca\u0142o\u015bci i nadaje jej unikalnego charakteru.<\/p>\n<p>\u0141\u00f3\u017ceczko klasyczne drewniane powsta\u0142o w oparciu o projekt przygotowany przez profesjonalnego fotografa, dzi\u0119ki czemu wspaniale prezentuje si\u0119 pod r\u00f3\u017cnymi k\u0105tami fotografowania, w r\u00f3\u017cnym \u015bwietle i w po\u0142\u0105czeniu z wieloma akcesoriami, dodatkami, elementami dekoracyjnymi i innymi elementami, kt\u00f3re zestawi z nimi osoba wykonuj\u0105ca sesj\u0119 zdj\u0119ciow\u0105. Na \u0142\u00f3\u017ceczku poza niemowl\u0119tami i noworodkami mog\u0105 by\u0107 fotografowane r\u00f3wnie\u017c starsze dzieci, kt\u00f3re potrafi\u0105 ju\u017c samodzielnie siedzie\u0107. Produkt sprawdzi si\u0119 zar\u00f3wno podczas sesji pe\u0142nych kolor\u00f3w i mocnych akcent\u00f3w, ale r\u00f3wnie\u017c w sesjach minimalistycznych, gdzie to on b\u0119dzie gra\u0142 pierwsze skrzypce.<\/p>\n<p>Zdj\u0119cie produktowe znajduj\u0105ce si\u0119 na stronie internetowej naszego sklepu poddane zosta\u0142o obr\u00f3bce graficzej. Z racji tego, \u017ce ka\u017cde \u0142\u00f3\u017ceczko wykonywane i malowane jest r\u0119cznie, zam\u00f3wiony produkt mo\u017ce nieznacznie r\u00f3\u017cni\u0107 si\u0119 od tego widocznego na fotografii (przetarcia mog\u0105 znajdowa\u0107 si\u0119 w innych miejscach).<\/p>\n","protected":false},"excerpt":{"rendered":"<p>Drewniane \u0142\u00f3\u017ceczko z dekoracyjnym wezg\u0142owiem i bokami z nawi\u0105zuj\u0105cym do niego kszta\u0142tem. Dzi\u0119ki temu na zdj\u0119ciach b\u0119dzie zawsze widoczny jego charakter, bez wzgl\u0119du na k\u0105t fotografowania.<br \/>\nWymiary: 31 cm x 42 cm x 26 cm<br \/>\n\u0141\u00f3\u017ceczko sprzedawane bez kocyka.<\/p>\n","protected":false},"featured_media":12740,"comment_status":"open","ping_status":"closed","template":"","meta":[],"yoast_head":"<!-- This site is optimized with the Yoast SEO plugin v16.0.2 - https:\/\/yoast.com\/wordpress\/plugins\/seo\/ -->\n<title>Niebieskie klasyczne \u0142\u00f3\u017ceczko - drewniany rekwizyt do sesji<\/title>\n<meta name=\"description\" content=\"Produkt w 100 wykonany r\u0119cznie. Stylizowane na postarzane. Klasyczne, niebieskie \u0142\u00f3\u017ceczko idealnie nadaje si\u0119 jako gad\u017cet do sesji noworodkowej.\" \/>\n<link rel=\"canonical\" href=\"https:\/\/www.plumprops.com\/pl\/lozeczka-drewniane\/klasyczne-lozeczko\/\" \/>\n<meta property=\"og:locale\" content=\"pl_PL\" \/>\n<meta property=\"og:type\" content=\"article\" \/>\n<meta property=\"og:title\" content=\"Niebieskie klasyczne \u0142\u00f3\u017ceczko - drewniany rekwizyt do sesji\" \/>\n<meta property=\"og:description\" content=\"Produkt w 100 wykonany r\u0119cznie. Stylizowane na postarzane. Klasyczne, niebieskie \u0142\u00f3\u017ceczko idealnie nadaje si\u0119 jako gad\u017cet do sesji noworodkowej.\" \/>\n<meta property=\"og:url\" content=\"https:\/\/www.plumprops.com\/pl\/lozeczka-drewniane\/klasyczne-lozeczko\/\" \/>\n<meta property=\"og:site_name\" content=\"Newborn Photography Props\" \/>\n<meta property=\"article:modified_time\" content=\"2024-02-07T16:36:22+00:00\" \/>\n<meta property=\"og:image\" content=\"https:\/\/www.plumprops.com\/wp-content\/uploads\/2018\/05\/classic-newborn-bed-photo-uk-1.jpg\" \/>\n\t<meta property=\"og:image:width\" content=\"1800\" \/>\n\t<meta property=\"og:image:height\" content=\"1192\" \/>\n<meta name=\"twitter:card\" content=\"summary_large_image\" \/>\n<meta name=\"twitter:label1\" content=\"Szacowany czas czytania\">\n\t<meta name=\"twitter:data1\" content=\"2 minuty\">\n<script type=\"application\/ld+json\" class=\"yoast-schema-graph\">{\"@context\":\"https:\/\/schema.org\",\"@graph\":[{\"@type\":\"WebSite\",\"@id\":\"https:\/\/www.plumprops.com\/#website\",\"url\":\"https:\/\/www.plumprops.com\/\",\"name\":\"Newborn Photography Props\",\"description\":\"\",\"potentialAction\":[{\"@type\":\"SearchAction\",\"target\":\"https:\/\/www.plumprops.com\/?s={search_term_string}\",\"query-input\":\"required name=search_term_string\"}],\"inLanguage\":\"pl-PL\"},{\"@type\":\"ImageObject\",\"@id\":\"https:\/\/www.plumprops.com\/pl\/lozeczka-drewniane\/klasyczne-lozeczko\/#primaryimage\",\"inLanguage\":\"pl-PL\",\"url\":\"https:\/\/www.plumprops.com\/wp-content\/uploads\/2018\/05\/classic-newborn-bed-photo-uk-1.jpg\",\"width\":1800,\"height\":1192},{\"@type\":\"WebPage\",\"@id\":\"https:\/\/www.plumprops.com\/pl\/lozeczka-drewniane\/klasyczne-lozeczko\/#webpage\",\"url\":\"https:\/\/www.plumprops.com\/pl\/lozeczka-drewniane\/klasyczne-lozeczko\/\",\"name\":\"Niebieskie klasyczne \\u0142\\u00f3\\u017ceczko - drewniany rekwizyt do sesji\",\"isPartOf\":{\"@id\":\"https:\/\/www.plumprops.com\/#website\"},\"primaryImageOfPage\":{\"@id\":\"https:\/\/www.plumprops.com\/pl\/lozeczka-drewniane\/klasyczne-lozeczko\/#primaryimage\"},\"datePublished\":\"2018-05-15T12:02:31+00:00\",\"dateModified\":\"2024-02-07T16:36:22+00:00\",\"description\":\"Produkt w 100 wykonany r\\u0119cznie. Stylizowane na postarzane. Klasyczne, niebieskie \\u0142\\u00f3\\u017ceczko idealnie nadaje si\\u0119 jako gad\\u017cet do sesji noworodkowej.\",\"breadcrumb\":{\"@id\":\"https:\/\/www.plumprops.com\/pl\/lozeczka-drewniane\/klasyczne-lozeczko\/#breadcrumb\"},\"inLanguage\":\"pl-PL\",\"potentialAction\":[{\"@type\":\"ReadAction\",\"target\":[\"https:\/\/www.plumprops.com\/pl\/lozeczka-drewniane\/klasyczne-lozeczko\/\"]}]},{\"@type\":\"BreadcrumbList\",\"@id\":\"https:\/\/www.plumprops.com\/pl\/lozeczka-drewniane\/klasyczne-lozeczko\/#breadcrumb\",\"itemListElement\":[{\"@type\":\"ListItem\",\"position\":1,\"item\":{\"@type\":\"WebPage\",\"@id\":\"https:\/\/www.plumprops.com\/pl\/\",\"url\":\"https:\/\/www.plumprops.com\/pl\/\",\"name\":\"Home\"}},{\"@type\":\"ListItem\",\"position\":2,\"item\":{\"@type\":\"WebPage\",\"@id\":\"https:\/\/www.plumprops.com\/pl\/sklep\/\",\"url\":\"https:\/\/www.plumprops.com\/pl\/sklep\/\",\"name\":\"Sklep\"}},{\"@type\":\"ListItem\",\"position\":3,\"item\":{\"@type\":\"WebPage\",\"@id\":\"https:\/\/www.plumprops.com\/pl\/lozeczka-drewniane\/klasyczne-lozeczko\/\",\"url\":\"https:\/\/www.plumprops.com\/pl\/lozeczka-drewniane\/klasyczne-lozeczko\/\",\"name\":\"Klasyczne \\u0142\\u00f3\\u017ceczko\"}}]}]}<\/script>\n<!-- \/ Yoast SEO plugin. -->","_links":{"self":[{"href":"https:\/\/www.plumprops.com\/pl\/wp-json\/wp\/v2\/product\/7411"}],"collection":[{"href":"https:\/\/www.plumprops.com\/pl\/wp-json\/wp\/v2\/product"}],"about":[{"href":"https:\/\/www.plumprops.com\/pl\/wp-json\/wp\/v2\/types\/product"}],"replies":[{"embeddable":true,"href":"https:\/\/www.plumprops.com\/pl\/wp-json\/wp\/v2\/comments?post=7411"}],"version-history":[{"count":0,"href":"https:\/\/www.plumprops.com\/pl\/wp-json\/wp\/v2\/product\/7411\/revisions"}],"wp:featuredmedia":[{"embeddable":true,"href":"https:\/\/www.plumprops.com\/pl\/wp-json\/wp\/v2\/media\/12740"}],"wp:attachment":[{"href":"https:\/\/www.plumprops.com\/pl\/wp-json\/wp\/v2\/media?parent=7411"}],"curies":[{"name":"wp","href":"https:\/\/api.w.org\/{rel}","templated":true}]}}