{"id":7424,"date":"2018-05-15T12:08:08","date_gmt":"2018-05-15T12:08:08","guid":{"rendered":"https:\/\/www.plumprops.com\/?product=kremowa-%c5%82aweczka"},"modified":"2026-01-21T19:34:19","modified_gmt":"2026-01-21T19:34:19","slug":"drewniana-laweczka","status":"publish","type":"product","link":"https:\/\/www.plumprops.com\/pl\/lozeczka-drewniane\/drewniana-laweczka\/","title":{"rendered":"Drewniana \u0142aweczka"},"content":{"rendered":"<p>Wykonana r\u0119cznie i starannie, <strong>\u0142aweczka do sesji niemowl\u0119cych i noworodkowych<\/strong> to najwy\u017cszej jako\u015bci produkt, kt\u00f3ry spe\u0142ni oczekiwania ka\u017cdego profesjonalnego fotografa. Powsta\u0142a ona przy u\u017cyciu dobrych materia\u0142\u00f3w i zachowaniu dba\u0142o\u015bci o ka\u017cdy szczeg\u00f3\u0142, a jej projekt przygotowa\u0142 do\u015bwiadczony fotograf, kt\u00f3ry doskonale rozumie potrzeby os\u00f3b wykonuj\u0105cych ten zaw\u00f3d. \u0141aweczka \u015bwietnie prezentuje si\u0119 w ka\u017cdym uj\u0119ciu i pod ka\u017cdym k\u0105tem, daje du\u017ce mo\u017cliwo\u015bci kompozycyjne i w naturalny spos\u00f3b nadaje uroku i charakteru ka\u017cdemu kadrowi. Produkt ten wykonany jest r\u0119cznie, dzi\u0119ki czemu cechuje go unikalno\u015b\u0107 i wyj\u0105tkowo\u015b\u0107. U\u017cycie najlepszych materia\u0142\u00f3w gwarantuje natomiast solidno\u015b\u0107, trwa\u0142o\u015b\u0107 i stabilno\u015b\u0107, kt\u00f3re zapewni\u0105 odpowiednie bezpiecze\u0144stwo i komfort ka\u017cdemu maluchowi. Mo\u017ce by\u0107 ona wykorzystana zar\u00f3wno podczas sesji zdj\u0119ciowej niemowl\u0119cej dziewcz\u0119cej, jak i ch\u0142opi\u0119cej. Szczeg\u00f3lnie dobrze prezentuj\u0105 si\u0119 na niej siedz\u0105ce dzieci, ale spos\u00f3b na jej wykorzystanie zale\u017cy od indywidualnych preferencji i pomys\u0142\u00f3w fotografa.<\/p>\n<p>\u0141aweczka drewniana do sesji zdj\u0119ciowych swoim wygl\u0105dem estetycznym nawi\u0105zuje do stylu vintage, pomieszanego z folklorem w subtelnym wydaniu. Jej jasna i delikatna kolorystyka pi\u0119knie \u0142\u0105czy si\u0119 zar\u00f3wno z mocnymi akcentami, jak i z tymi zbli\u017conymi wizualnie do niej. Jej rozmiar dostosowany jest do niewielkiego cia\u0142a dziecka, dzi\u0119ki czemu wspaniale podkre\u015bla on jego bezbronno\u015b\u0107, krucho\u015b\u0107, beztrosk\u0119, lekko\u015b\u0107 i s\u0142odycz.<\/p>\n<p>Zdj\u0119cie produktowe znajduj\u0105ce si\u0119 na stronie naszego sklepu poddane zosta\u0142o obr\u00f3bce graficznej, co sprawia, \u017ce rzeczywisty wygl\u0105d \u0142aweczki mo\u017ce si\u0119 odrobin\u0119 r\u00f3\u017cni\u0107 od tego widocznego na fotografii (np. przetarcia stylizowane na przestarza\u0142e mog\u0105 znajdowa\u0107 si\u0119 w innym miejscu).<\/p>\n","protected":false},"excerpt":{"rendered":"<p>R\u0119cznie wykonana, drewniana \u0142aweczka. Rekwizyt ten doskonale nada si\u0119 zar\u00f3wno do sesji noworodkowych, jak i przy pracy ze starszymi, siedz\u0105cymi dzie\u0107mi. Nawet trzylatek si\u0119 zmie\u015bci \ud83d\ude09<br \/>\nWymiary: 30 cm x 50 cm x wys. 34 cm<\/p>\n","protected":false},"featured_media":7414,"comment_status":"open","ping_status":"closed","template":"","meta":[],"yoast_head":"<!-- This site is optimized with the Yoast SEO plugin v16.0.2 - https:\/\/yoast.com\/wordpress\/plugins\/seo\/ -->\n<title>Drewniana \u0142aweczka - Newborn Photography Props<\/title>\n<link rel=\"canonical\" href=\"https:\/\/www.plumprops.com\/pl\/lozeczka-drewniane\/drewniana-laweczka\/\" \/>\n<meta property=\"og:locale\" content=\"pl_PL\" \/>\n<meta property=\"og:type\" content=\"article\" \/>\n<meta property=\"og:title\" content=\"Drewniana \u0142aweczka - Newborn Photography Props\" \/>\n<meta property=\"og:description\" content=\"R\u0119cznie wykonana, drewniana \u0142aweczka. Rekwizyt ten doskonale nada si\u0119 zar\u00f3wno do sesji noworodkowych, jak i przy pracy ze starszymi, siedz\u0105cymi dzie\u0107mi. Nawet trzylatek si\u0119 zmie\u015bci ;) Wymiary: 30 cm x 50 cm x wys. 34 cm\" \/>\n<meta property=\"og:url\" content=\"https:\/\/www.plumprops.com\/pl\/lozeczka-drewniane\/drewniana-laweczka\/\" \/>\n<meta property=\"og:site_name\" content=\"Newborn Photography Props\" \/>\n<meta property=\"article:modified_time\" content=\"2026-01-21T19:34:19+00:00\" \/>\n<meta property=\"og:image\" content=\"https:\/\/www.plumprops.com\/wp-content\/uploads\/2020\/06\/644.jpg\" \/>\n\t<meta property=\"og:image:width\" content=\"1800\" \/>\n\t<meta property=\"og:image:height\" content=\"1202\" \/>\n<meta name=\"twitter:card\" content=\"summary_large_image\" \/>\n<meta name=\"twitter:label1\" content=\"Szacowany czas czytania\">\n\t<meta name=\"twitter:data1\" content=\"1 minuta\">\n<script type=\"application\/ld+json\" class=\"yoast-schema-graph\">{\"@context\":\"https:\/\/schema.org\",\"@graph\":[{\"@type\":\"WebSite\",\"@id\":\"https:\/\/www.plumprops.com\/#website\",\"url\":\"https:\/\/www.plumprops.com\/\",\"name\":\"Newborn Photography Props\",\"description\":\"\",\"potentialAction\":[{\"@type\":\"SearchAction\",\"target\":\"https:\/\/www.plumprops.com\/?s={search_term_string}\",\"query-input\":\"required name=search_term_string\"}],\"inLanguage\":\"pl-PL\"},{\"@type\":\"ImageObject\",\"@id\":\"https:\/\/www.plumprops.com\/pl\/lozeczka-drewniane\/drewniana-laweczka\/#primaryimage\",\"inLanguage\":\"pl-PL\",\"url\":\"https:\/\/www.plumprops.com\/wp-content\/uploads\/2020\/06\/644.jpg\",\"width\":1800,\"height\":1202},{\"@type\":\"WebPage\",\"@id\":\"https:\/\/www.plumprops.com\/pl\/lozeczka-drewniane\/drewniana-laweczka\/#webpage\",\"url\":\"https:\/\/www.plumprops.com\/pl\/lozeczka-drewniane\/drewniana-laweczka\/\",\"name\":\"Drewniana \\u0142aweczka - Newborn Photography Props\",\"isPartOf\":{\"@id\":\"https:\/\/www.plumprops.com\/#website\"},\"primaryImageOfPage\":{\"@id\":\"https:\/\/www.plumprops.com\/pl\/lozeczka-drewniane\/drewniana-laweczka\/#primaryimage\"},\"datePublished\":\"2018-05-15T12:08:08+00:00\",\"dateModified\":\"2026-01-21T19:34:19+00:00\",\"breadcrumb\":{\"@id\":\"https:\/\/www.plumprops.com\/pl\/lozeczka-drewniane\/drewniana-laweczka\/#breadcrumb\"},\"inLanguage\":\"pl-PL\",\"potentialAction\":[{\"@type\":\"ReadAction\",\"target\":[\"https:\/\/www.plumprops.com\/pl\/lozeczka-drewniane\/drewniana-laweczka\/\"]}]},{\"@type\":\"BreadcrumbList\",\"@id\":\"https:\/\/www.plumprops.com\/pl\/lozeczka-drewniane\/drewniana-laweczka\/#breadcrumb\",\"itemListElement\":[{\"@type\":\"ListItem\",\"position\":1,\"item\":{\"@type\":\"WebPage\",\"@id\":\"https:\/\/www.plumprops.com\/pl\/\",\"url\":\"https:\/\/www.plumprops.com\/pl\/\",\"name\":\"Home\"}},{\"@type\":\"ListItem\",\"position\":2,\"item\":{\"@type\":\"WebPage\",\"@id\":\"https:\/\/www.plumprops.com\/pl\/sklep\/\",\"url\":\"https:\/\/www.plumprops.com\/pl\/sklep\/\",\"name\":\"Sklep\"}},{\"@type\":\"ListItem\",\"position\":3,\"item\":{\"@type\":\"WebPage\",\"@id\":\"https:\/\/www.plumprops.com\/pl\/lozeczka-drewniane\/drewniana-laweczka\/\",\"url\":\"https:\/\/www.plumprops.com\/pl\/lozeczka-drewniane\/drewniana-laweczka\/\",\"name\":\"Drewniana \\u0142aweczka\"}}]}]}<\/script>\n<!-- \/ Yoast SEO plugin. -->","_links":{"self":[{"href":"https:\/\/www.plumprops.com\/pl\/wp-json\/wp\/v2\/product\/7424"}],"collection":[{"href":"https:\/\/www.plumprops.com\/pl\/wp-json\/wp\/v2\/product"}],"about":[{"href":"https:\/\/www.plumprops.com\/pl\/wp-json\/wp\/v2\/types\/product"}],"replies":[{"embeddable":true,"href":"https:\/\/www.plumprops.com\/pl\/wp-json\/wp\/v2\/comments?post=7424"}],"version-history":[{"count":0,"href":"https:\/\/www.plumprops.com\/pl\/wp-json\/wp\/v2\/product\/7424\/revisions"}],"wp:featuredmedia":[{"embeddable":true,"href":"https:\/\/www.plumprops.com\/pl\/wp-json\/wp\/v2\/media\/7414"}],"wp:attachment":[{"href":"https:\/\/www.plumprops.com\/pl\/wp-json\/wp\/v2\/media?parent=7424"}],"curies":[{"name":"wp","href":"https:\/\/api.w.org\/{rel}","templated":true}]}}