{"id":7844,"date":"2018-06-29T17:29:31","date_gmt":"2018-06-29T17:29:31","guid":{"rendered":"https:\/\/www.plumprops.com\/?product=zo%c5%82te-%c5%82ozeczko-z-ksiezycami"},"modified":"2021-12-18T20:31:09","modified_gmt":"2021-12-18T20:31:09","slug":"lozeczko-z-ksiezycami","status":"publish","type":"product","link":"https:\/\/www.plumprops.com\/pl\/lozeczka-drewniane\/lozeczko-z-ksiezycami\/","title":{"rendered":"\u0141\u00f3\u017ceczko z ksi\u0119\u017cycami"},"content":{"rendered":"<p>Drewniane \u0142\u00f3\u017ceczko z ksi\u0119\u017cycami to wysokiej jako\u015bci rekwizyt fotograficzny, kt\u00f3ry pozwala na wykonanie wyj\u0105tkowych i pi\u0119knych wizualnie zdj\u0119\u0107 niemowl\u0119cych i noworodkowych. Produkt przygotowany zosta\u0142 z wysokiej jako\u015bci drewna, co zapewnia mu du\u017c\u0105 stabilno\u015b\u0107 i solidno\u015b\u0107. Wykonano go r\u0119cznie, w oparciu o projekt pochodz\u0105cy od profesjonalnego fotografa, co sprawia, \u017ce ka\u017cde \u0142\u00f3\u017ceczko znajduj\u0105ce si\u0119 w ofercie naszego sklepu jest niepowtarzalne i jedyne w swoim rodzaju. Poza nieodpartym urokiem wizualnym, \u0142\u00f3\u017ceczko zapewnia komfort fotografowanemu na nim dziecku, co stanowi jego kolejn\u0105 zalet\u0119.<\/p>\n<p>Drewniane \u0142\u00f3\u017ceczko dzieci\u0119ce znajduj\u0105ce si\u0119 w ofercie naszego sklepu cechuje si\u0119 unikaln\u0105 estetyk\u0105, kt\u00f3ra nawi\u0105zuje do stylu vintage, w sprawny i umiej\u0119tny spos\u00f3b pomieszanego z motywami zaczerpni\u0119tymi z folkloru. Produkt przypomina ko\u0142ysk\u0119 i wyr\u00f3\u017cnia si\u0119 na tle konkurencji wyj\u0105tkow\u0105 kolorystyk\u0105, kt\u00f3ra w pi\u0119kny spos\u00f3b koresponduje z kolorem sk\u00f3ry noworodk\u00f3w. Pastelowy odcie\u0144 ka\u017cdego z kolor\u00f3w odnajdzie si\u0119 zar\u00f3wno podczas sesji zdj\u0119ciowych dzieci\u0119cych, jak i noworodkowych. Dzi\u0119ki stonowanej kolorystyce sprawnie po\u0142\u0105czy si\u0119 on z r\u00f3\u017cnymi akcentami i dodatkami, kt\u00f3re zostan\u0105 wprowadzone przez fotografa do finalnej kompozycji buduj\u0105cej zdj\u0119cie. Na uwag\u0119 zas\u0142uguj\u0105 r\u00f3wnie\u017c detale, kt\u00f3re zosta\u0142y naniesione na \u0142\u00f3\u017ceczko &#8211; ko\u0142ysk\u0119. Zar\u00f3wno na wezg\u0142owiu (wyci\u0119te), jak r\u00f3wnie\u017c na przodzie \u0142\u00f3\u017ceczka (wypuk\u0142e) znajduje si\u0119 motyw ksi\u0119\u017cyca.<\/p>\n<p>Drewniane \u0142\u00f3\u017ceczko dzieci\u0119ce z motywem ksi\u0119\u017cyca, przypominaj\u0105ce wizualnie ko\u0142ysk\u0119, zosta\u0142o zaprojektowane przez do\u015bwiadczonego w fotografa, kt\u00f3ry wykona\u0142 wiele sesji niemowl\u0119cych oraz noworodkowych, dzi\u0119ki czemu pi\u0119knie prezentuje si\u0119 ono pod wieloma k\u0105tami fotografowania i w naturalny spos\u00f3b buduje charakter ka\u017cdej klatki i kadru. Z racji tego, \u017ce \u0142\u00f3\u017ceczko wykonane jest r\u0119cznie, a zdj\u0119cie produktowe znajduj\u0105ce si\u0119 na naszej stronie internetowej poddane jest obr\u00f3bce graficznej, zam\u00f3wiony produkt mo\u017ce w nieznacznym stopniu r\u00f3\u017cni\u0107 si\u0119 od tego widocznego na fotografii (np. przetarcia stylizowane na postarzane mog\u0105 znajdowa\u0107 si\u0119 w innym miejscu, r\u00f3\u017cni\u0107 si\u0119 mo\u017ce r\u00f3wnie\u017c odcie\u0144 koloru).<\/p>\n","protected":false},"excerpt":{"rendered":"<p>Drewniane \u0142\u00f3\u017ceczko z wyci\u0119tym ksi\u0119\u017cycem na wezg\u0142owiu, kszta\u0142tem nawi\u0105zuj\u0105ce do dzieci\u0119cej ko\u0142yski oraz wypuk\u0142ym ksi\u0119\u017cycem na przodzie \u0142\u00f3\u017ceczka. Doskonale sprawdzi si\u0119 jako gad\u017cet do sesji noworodkowych.<br \/>\nWymiary wewn\u0119trzne: 26 cm x 40 cm<br \/>\nZewn\u0119trzne szer. 33 cm x d\u0142. 44 cm x wys. 28 cm.<\/p>\n","protected":false},"featured_media":11978,"comment_status":"open","ping_status":"closed","template":"","meta":[],"yoast_head":"<!-- This site is optimized with the Yoast SEO plugin v16.0.2 - https:\/\/yoast.com\/wordpress\/plugins\/seo\/ -->\n<title>\u0141\u00f3\u017ceczko z ksi\u0119\u017cycami - gad\u017cety do sesji noworodkowej<\/title>\n<meta name=\"description\" content=\"Drewniane \u0142\u00f3\u017ceczko z wyci\u0119tym ksi\u0119\u017cycem na wezg\u0142owiu oraz wypuk\u0142ym ksi\u0119\u017cycem na przodzie \u0142\u00f3\u017ceczka. \u0141\u00f3\u017ceczko wykonane jest r\u0119cznie. Stylizowane na postarzane.\" \/>\n<link rel=\"canonical\" href=\"https:\/\/www.plumprops.com\/pl\/lozeczka-drewniane\/lozeczko-z-ksiezycami\/\" \/>\n<meta property=\"og:locale\" content=\"pl_PL\" \/>\n<meta property=\"og:type\" content=\"article\" \/>\n<meta property=\"og:title\" content=\"\u0141\u00f3\u017ceczko z ksi\u0119\u017cycami - gad\u017cety do sesji noworodkowej\" \/>\n<meta property=\"og:description\" content=\"Drewniane \u0142\u00f3\u017ceczko z wyci\u0119tym ksi\u0119\u017cycem na wezg\u0142owiu oraz wypuk\u0142ym ksi\u0119\u017cycem na przodzie \u0142\u00f3\u017ceczka. \u0141\u00f3\u017ceczko wykonane jest r\u0119cznie. Stylizowane na postarzane.\" \/>\n<meta property=\"og:url\" content=\"https:\/\/www.plumprops.com\/pl\/lozeczka-drewniane\/lozeczko-z-ksiezycami\/\" \/>\n<meta property=\"og:site_name\" content=\"Newborn Photography Props\" \/>\n<meta property=\"article:modified_time\" content=\"2021-12-18T20:31:09+00:00\" \/>\n<meta property=\"og:image\" content=\"https:\/\/www.plumprops.com\/wp-content\/uploads\/2020\/06\/1255.jpg\" \/>\n\t<meta property=\"og:image:width\" content=\"1800\" \/>\n\t<meta property=\"og:image:height\" content=\"1202\" \/>\n<meta name=\"twitter:card\" content=\"summary_large_image\" \/>\n<meta name=\"twitter:label1\" content=\"Szacowany czas czytania\">\n\t<meta name=\"twitter:data1\" content=\"2 minuty\">\n<script type=\"application\/ld+json\" class=\"yoast-schema-graph\">{\"@context\":\"https:\/\/schema.org\",\"@graph\":[{\"@type\":\"WebSite\",\"@id\":\"https:\/\/www.plumprops.com\/#website\",\"url\":\"https:\/\/www.plumprops.com\/\",\"name\":\"Newborn Photography Props\",\"description\":\"\",\"potentialAction\":[{\"@type\":\"SearchAction\",\"target\":\"https:\/\/www.plumprops.com\/?s={search_term_string}\",\"query-input\":\"required name=search_term_string\"}],\"inLanguage\":\"pl-PL\"},{\"@type\":\"ImageObject\",\"@id\":\"https:\/\/www.plumprops.com\/pl\/lozeczka-drewniane\/lozeczko-z-ksiezycami\/#primaryimage\",\"inLanguage\":\"pl-PL\",\"url\":\"https:\/\/www.plumprops.com\/wp-content\/uploads\/2020\/06\/1255.jpg\",\"width\":1800,\"height\":1202,\"caption\":\"\\u017c\\u00f3\\u0142te \\u0142\\u00f3\\u017ceczko z ksi\\u0119\\u017cycami\"},{\"@type\":\"WebPage\",\"@id\":\"https:\/\/www.plumprops.com\/pl\/lozeczka-drewniane\/lozeczko-z-ksiezycami\/#webpage\",\"url\":\"https:\/\/www.plumprops.com\/pl\/lozeczka-drewniane\/lozeczko-z-ksiezycami\/\",\"name\":\"\\u0141\\u00f3\\u017ceczko z ksi\\u0119\\u017cycami - gad\\u017cety do sesji noworodkowej\",\"isPartOf\":{\"@id\":\"https:\/\/www.plumprops.com\/#website\"},\"primaryImageOfPage\":{\"@id\":\"https:\/\/www.plumprops.com\/pl\/lozeczka-drewniane\/lozeczko-z-ksiezycami\/#primaryimage\"},\"datePublished\":\"2018-06-29T17:29:31+00:00\",\"dateModified\":\"2021-12-18T20:31:09+00:00\",\"description\":\"Drewniane \\u0142\\u00f3\\u017ceczko z wyci\\u0119tym ksi\\u0119\\u017cycem na wezg\\u0142owiu oraz wypuk\\u0142ym ksi\\u0119\\u017cycem na przodzie \\u0142\\u00f3\\u017ceczka. \\u0141\\u00f3\\u017ceczko wykonane jest r\\u0119cznie. Stylizowane na postarzane.\",\"breadcrumb\":{\"@id\":\"https:\/\/www.plumprops.com\/pl\/lozeczka-drewniane\/lozeczko-z-ksiezycami\/#breadcrumb\"},\"inLanguage\":\"pl-PL\",\"potentialAction\":[{\"@type\":\"ReadAction\",\"target\":[\"https:\/\/www.plumprops.com\/pl\/lozeczka-drewniane\/lozeczko-z-ksiezycami\/\"]}]},{\"@type\":\"BreadcrumbList\",\"@id\":\"https:\/\/www.plumprops.com\/pl\/lozeczka-drewniane\/lozeczko-z-ksiezycami\/#breadcrumb\",\"itemListElement\":[{\"@type\":\"ListItem\",\"position\":1,\"item\":{\"@type\":\"WebPage\",\"@id\":\"https:\/\/www.plumprops.com\/pl\/\",\"url\":\"https:\/\/www.plumprops.com\/pl\/\",\"name\":\"Home\"}},{\"@type\":\"ListItem\",\"position\":2,\"item\":{\"@type\":\"WebPage\",\"@id\":\"https:\/\/www.plumprops.com\/pl\/sklep\/\",\"url\":\"https:\/\/www.plumprops.com\/pl\/sklep\/\",\"name\":\"Sklep\"}},{\"@type\":\"ListItem\",\"position\":3,\"item\":{\"@type\":\"WebPage\",\"@id\":\"https:\/\/www.plumprops.com\/pl\/lozeczka-drewniane\/lozeczko-z-ksiezycami\/\",\"url\":\"https:\/\/www.plumprops.com\/pl\/lozeczka-drewniane\/lozeczko-z-ksiezycami\/\",\"name\":\"\\u0141\\u00f3\\u017ceczko z ksi\\u0119\\u017cycami\"}}]}]}<\/script>\n<!-- \/ Yoast SEO plugin. -->","_links":{"self":[{"href":"https:\/\/www.plumprops.com\/pl\/wp-json\/wp\/v2\/product\/7844"}],"collection":[{"href":"https:\/\/www.plumprops.com\/pl\/wp-json\/wp\/v2\/product"}],"about":[{"href":"https:\/\/www.plumprops.com\/pl\/wp-json\/wp\/v2\/types\/product"}],"replies":[{"embeddable":true,"href":"https:\/\/www.plumprops.com\/pl\/wp-json\/wp\/v2\/comments?post=7844"}],"version-history":[{"count":0,"href":"https:\/\/www.plumprops.com\/pl\/wp-json\/wp\/v2\/product\/7844\/revisions"}],"wp:featuredmedia":[{"embeddable":true,"href":"https:\/\/www.plumprops.com\/pl\/wp-json\/wp\/v2\/media\/11978"}],"wp:attachment":[{"href":"https:\/\/www.plumprops.com\/pl\/wp-json\/wp\/v2\/media?parent=7844"}],"curies":[{"name":"wp","href":"https:\/\/api.w.org\/{rel}","templated":true}]}}