{"id":8048,"date":"2018-08-21T11:48:19","date_gmt":"2018-08-21T11:48:19","guid":{"rendered":"https:\/\/www.plumprops.com\/?product=mini-%c5%82ozeczko-do-sesji"},"modified":"2024-11-14T04:27:59","modified_gmt":"2024-11-14T04:27:59","slug":"lozeczko-dzieciece","status":"publish","type":"product","link":"https:\/\/www.plumprops.com\/pl\/lozeczka-drewniane\/lozeczko-dzieciece\/","title":{"rendered":"\u0141\u00f3\u017ceczko dzieci\u0119ce"},"content":{"rendered":"","protected":false},"excerpt":{"rendered":"<p>Drewniany rekwizyt fotograficzny, idealny dla niemowlak\u00f3w.<\/p>\n<p>Mini drewniane \u0142\u00f3\u017cko, doskona\u0142e dla siedz\u0105cych dzieci, mo\u017ce by\u0107 u\u017cywane r\u00f3wnie\u017c dla noworodka.<\/p>\n<p>rozmiary: 45 cm x 34 cm x 30 cm (h)<\/p>\n","protected":false},"featured_media":12791,"comment_status":"open","ping_status":"closed","template":"","meta":[],"yoast_head":"<!-- This site is optimized with the Yoast SEO plugin v16.0.2 - https:\/\/yoast.com\/wordpress\/plugins\/seo\/ -->\n<title>\u0141\u00f3\u017ceczko dzieci\u0119ce - Newborn Photography Props<\/title>\n<link rel=\"canonical\" href=\"https:\/\/www.plumprops.com\/pl\/lozeczka-drewniane\/lozeczko-dzieciece\/\" \/>\n<meta property=\"og:locale\" content=\"pl_PL\" \/>\n<meta property=\"og:type\" content=\"article\" \/>\n<meta property=\"og:title\" content=\"\u0141\u00f3\u017ceczko dzieci\u0119ce - Newborn Photography Props\" \/>\n<meta property=\"og:description\" content=\"Drewniany rekwizyt fotograficzny, idealny dla niemowlak\u00f3w. Mini drewniane \u0142\u00f3\u017cko, doskona\u0142e dla siedz\u0105cych dzieci, mo\u017ce by\u0107 u\u017cywane r\u00f3wnie\u017c dla noworodka. rozmiary: 45 cm x 34 cm x 30 cm (h)\" \/>\n<meta property=\"og:url\" content=\"https:\/\/www.plumprops.com\/pl\/lozeczka-drewniane\/lozeczko-dzieciece\/\" \/>\n<meta property=\"og:site_name\" content=\"Newborn Photography Props\" \/>\n<meta property=\"article:modified_time\" content=\"2024-11-14T04:27:59+00:00\" \/>\n<meta property=\"og:image\" content=\"https:\/\/www.plumprops.com\/wp-content\/uploads\/2018\/08\/baby-photo-props.jpg\" \/>\n\t<meta property=\"og:image:width\" content=\"1200\" \/>\n\t<meta property=\"og:image:height\" content=\"801\" \/>\n<meta name=\"twitter:card\" content=\"summary_large_image\" \/>\n<script type=\"application\/ld+json\" class=\"yoast-schema-graph\">{\"@context\":\"https:\/\/schema.org\",\"@graph\":[{\"@type\":\"WebSite\",\"@id\":\"https:\/\/www.plumprops.com\/#website\",\"url\":\"https:\/\/www.plumprops.com\/\",\"name\":\"Newborn Photography Props\",\"description\":\"\",\"potentialAction\":[{\"@type\":\"SearchAction\",\"target\":\"https:\/\/www.plumprops.com\/?s={search_term_string}\",\"query-input\":\"required name=search_term_string\"}],\"inLanguage\":\"pl-PL\"},{\"@type\":\"ImageObject\",\"@id\":\"https:\/\/www.plumprops.com\/pl\/lozeczka-drewniane\/lozeczko-dzieciece\/#primaryimage\",\"inLanguage\":\"pl-PL\",\"url\":\"https:\/\/www.plumprops.com\/wp-content\/uploads\/2018\/08\/baby-photo-props.jpg\",\"width\":1200,\"height\":801},{\"@type\":\"WebPage\",\"@id\":\"https:\/\/www.plumprops.com\/pl\/lozeczka-drewniane\/lozeczko-dzieciece\/#webpage\",\"url\":\"https:\/\/www.plumprops.com\/pl\/lozeczka-drewniane\/lozeczko-dzieciece\/\",\"name\":\"\\u0141\\u00f3\\u017ceczko dzieci\\u0119ce - Newborn Photography Props\",\"isPartOf\":{\"@id\":\"https:\/\/www.plumprops.com\/#website\"},\"primaryImageOfPage\":{\"@id\":\"https:\/\/www.plumprops.com\/pl\/lozeczka-drewniane\/lozeczko-dzieciece\/#primaryimage\"},\"datePublished\":\"2018-08-21T11:48:19+00:00\",\"dateModified\":\"2024-11-14T04:27:59+00:00\",\"breadcrumb\":{\"@id\":\"https:\/\/www.plumprops.com\/pl\/lozeczka-drewniane\/lozeczko-dzieciece\/#breadcrumb\"},\"inLanguage\":\"pl-PL\",\"potentialAction\":[{\"@type\":\"ReadAction\",\"target\":[\"https:\/\/www.plumprops.com\/pl\/lozeczka-drewniane\/lozeczko-dzieciece\/\"]}]},{\"@type\":\"BreadcrumbList\",\"@id\":\"https:\/\/www.plumprops.com\/pl\/lozeczka-drewniane\/lozeczko-dzieciece\/#breadcrumb\",\"itemListElement\":[{\"@type\":\"ListItem\",\"position\":1,\"item\":{\"@type\":\"WebPage\",\"@id\":\"https:\/\/www.plumprops.com\/pl\/\",\"url\":\"https:\/\/www.plumprops.com\/pl\/\",\"name\":\"Home\"}},{\"@type\":\"ListItem\",\"position\":2,\"item\":{\"@type\":\"WebPage\",\"@id\":\"https:\/\/www.plumprops.com\/pl\/sklep\/\",\"url\":\"https:\/\/www.plumprops.com\/pl\/sklep\/\",\"name\":\"Sklep\"}},{\"@type\":\"ListItem\",\"position\":3,\"item\":{\"@type\":\"WebPage\",\"@id\":\"https:\/\/www.plumprops.com\/pl\/lozeczka-drewniane\/lozeczko-dzieciece\/\",\"url\":\"https:\/\/www.plumprops.com\/pl\/lozeczka-drewniane\/lozeczko-dzieciece\/\",\"name\":\"\\u0141\\u00f3\\u017ceczko dzieci\\u0119ce\"}}]}]}<\/script>\n<!-- \/ Yoast SEO plugin. -->","_links":{"self":[{"href":"https:\/\/www.plumprops.com\/pl\/wp-json\/wp\/v2\/product\/8048"}],"collection":[{"href":"https:\/\/www.plumprops.com\/pl\/wp-json\/wp\/v2\/product"}],"about":[{"href":"https:\/\/www.plumprops.com\/pl\/wp-json\/wp\/v2\/types\/product"}],"replies":[{"embeddable":true,"href":"https:\/\/www.plumprops.com\/pl\/wp-json\/wp\/v2\/comments?post=8048"}],"version-history":[{"count":0,"href":"https:\/\/www.plumprops.com\/pl\/wp-json\/wp\/v2\/product\/8048\/revisions"}],"wp:featuredmedia":[{"embeddable":true,"href":"https:\/\/www.plumprops.com\/pl\/wp-json\/wp\/v2\/media\/12791"}],"wp:attachment":[{"href":"https:\/\/www.plumprops.com\/pl\/wp-json\/wp\/v2\/media?parent=8048"}],"curies":[{"name":"wp","href":"https:\/\/api.w.org\/{rel}","templated":true}]}}