{"id":8564,"date":"2018-11-07T01:29:48","date_gmt":"2018-11-07T01:29:48","guid":{"rendered":"https:\/\/www.plumprops.com\/?product=mietowe-mini-%c5%82ozeczko"},"modified":"2024-02-07T16:36:31","modified_gmt":"2024-02-07T16:36:31","slug":"mini-lozeczko-2","status":"publish","type":"product","link":"https:\/\/www.plumprops.com\/pl\/lozeczka-drewniane\/mini-lozeczko-ii\/","title":{"rendered":"Mini \u0142\u00f3\u017ceczko II"},"content":{"rendered":"<p>Mini \u0142\u00f3\u017ceczko do sesji zdj\u0119ciowych noworodkowych i dzieci\u0119cych znajduj\u0105ce si\u0119 w ofercie naszego sklepu internetowego to produkt, kt\u00f3ry pokochaj\u0105 zar\u00f3wno profesjonalni fotografowie, jak r\u00f3wnie\u017c ci, kt\u00f3rzy dopiero zaczynaj\u0105 swoj\u0105 przygod\u0119 z aparatem i tego typu sesjami zdj\u0119ciowymi. W niebanalny spos\u00f3b wzbogaci ono ka\u017cde zdj\u0119cie i doda mu unikalnego charakteru. Produkt ten buduje kompozycj\u0119 ca\u0142ego zdj\u0119cia, pozwalaj\u0105c na wykonanie wielu dobrych i warto\u015bciowych klatek, ukazuj\u0105cych magi\u0119 dzieci\u0119cego i bezbronnego \u015bwiata.<\/p>\n<p>Mini \u0142\u00f3\u017ceczko drewniane to odpowied\u017a na \u015bwiatowe trendy w obszarze fotografii noworodkowej. Jego unikalny wygl\u0105d wizualny przywodzi na my\u015bl niezwykle popularny obecnie styl vintage. Pomalowanie drewna na kolor np. mi\u0119towy sprawia, \u017ce produkt wyr\u00f3\u017cnia si\u0119 na tle konkurencji, jest niebanalny i ciekawy estetycznie. Na \u0142\u00f3\u017ceczku znajduje si\u0119 wiele przetar\u0107, kt\u00f3re sprawiaj\u0105, \u017ce prezentuje si\u0119 ono tak, jakby by\u0142o dotkni\u0119te up\u0142ywem czasu. Ten zabieg stylistyczny przywodzi na my\u015bl folklor. \u0141\u00f3\u017ceczko jest niewielkie i idealnie dostosowane do niewielkiego rozmiaru cia\u0142a malucha. Pastelowy odcie\u0144 pi\u0119knie \u0142\u0105czy si\u0119 z kolorem sk\u00f3ry dziecka. Stonowana kolorystyka \u0142\u00f3\u017ceczka sprawia, \u017ce z \u0142atwo\u015bci\u0105 mo\u017cna je po\u0142\u0105czy\u0107 z dowolnymi barwami, akcentami i dodatkami, a zawsze b\u0119dzie prezentowa\u0107 si\u0119 sp\u00f3jnie.<\/p>\n<p>Mini \u0142\u00f3\u017ceczko drewniane pochodz\u0105ce z oferty naszego sklepu zosta\u0142o zaprojektowane przez profesjonalnego fotografa, dzi\u0119ki czemu wspaniale prezentuje si\u0119 w r\u00f3\u017cnych uj\u0119ciach, pod r\u00f3\u017cnymi k\u0105tami fotografowania oraz w r\u00f3\u017cnych kompozycjach stylistycznych. Jest ono wykonane z dobrej jako\u015bci drewna, co zapewnia mu stabilno\u015b\u0107, solidno\u015b\u0107 i trwa\u0142o\u015b\u0107, jednocze\u015bnie zapewniaj\u0105c komfort fotografowanemu na nim dziecku. Produkt ten to rekwizyt fotograficzny, kt\u00f3ry mo\u017cna wykorzysta\u0107 r\u00f3wnie\u017c jako element aran\u017cacji przestrzeni domowej czy unikalny i ciekawy prezent na kinderparty.<\/p>\n<p>Zakupiony w naszym sklepie produkt mo\u017ce odrobin\u0119 r\u00f3\u017cni\u0107 si\u0119 od tego widocznego na zdj\u0119ciu produktowym (np. przetarcia stylizowane na postarzane mog\u0105 znajdowa\u0107 si\u0119 w innych miejscach), dzieje si\u0119 tak dlatego, \u017ce zdj\u0119cie poddano obr\u00f3bce graficznej, a produkt wykonywany jest w ca\u0142o\u015bci r\u0119cznie.<\/p>\n","protected":false},"excerpt":{"rendered":"<p>Proste, drewniane \u0142\u00f3\u017cko dla noworodk\u00f3w, stylizowane na nadgryziony z\u0119bem czasu mebelek.<\/p>\n<p>Rozmiar: 26 x 41 cm; zag\u0142\u00f3wek 30 cm oraz 15 cm prz\u00f3d<\/p>\n<p>\u0141\u00f3\u017cko wykonane jest z prawdziwych, grubych kawa\u0142k\u00f3w drewna.<\/p>\n<p>Sprzedawane bez koca.<\/p>\n","protected":false},"featured_media":11913,"comment_status":"open","ping_status":"closed","template":"","meta":[],"yoast_head":"<!-- This site is optimized with the Yoast SEO plugin v16.0.2 - https:\/\/yoast.com\/wordpress\/plugins\/seo\/ -->\n<title>Mi\u0119towe proste mini \u0142\u00f3\u017ceczko do sesji noworodkowych<\/title>\n<meta name=\"description\" content=\"Mi\u0119towe, drewniane \u0142\u00f3\u017ceczko stylizowane na stare. Idealne do noworodkowej sesji fotograficznej. Wykonane r\u0119cznie.\" \/>\n<link rel=\"canonical\" href=\"https:\/\/www.plumprops.com\/pl\/lozeczka-drewniane\/mini-lozeczko-ii\/\" \/>\n<meta property=\"og:locale\" content=\"pl_PL\" \/>\n<meta property=\"og:type\" content=\"article\" \/>\n<meta property=\"og:title\" content=\"Mi\u0119towe proste mini \u0142\u00f3\u017ceczko do sesji noworodkowych\" \/>\n<meta property=\"og:description\" content=\"Mi\u0119towe, drewniane \u0142\u00f3\u017ceczko stylizowane na stare. Idealne do noworodkowej sesji fotograficznej. Wykonane r\u0119cznie.\" \/>\n<meta property=\"og:url\" content=\"https:\/\/www.plumprops.com\/pl\/lozeczka-drewniane\/mini-lozeczko-ii\/\" \/>\n<meta property=\"og:site_name\" content=\"Newborn Photography Props\" \/>\n<meta property=\"article:modified_time\" content=\"2024-02-07T16:36:31+00:00\" \/>\n<meta property=\"og:image\" content=\"https:\/\/www.plumprops.com\/wp-content\/uploads\/2020\/06\/1858.jpg\" \/>\n\t<meta property=\"og:image:width\" content=\"1600\" \/>\n\t<meta property=\"og:image:height\" content=\"1068\" \/>\n<meta name=\"twitter:card\" content=\"summary_large_image\" \/>\n<meta name=\"twitter:label1\" content=\"Szacowany czas czytania\">\n\t<meta name=\"twitter:data1\" content=\"2 minuty\">\n<script type=\"application\/ld+json\" class=\"yoast-schema-graph\">{\"@context\":\"https:\/\/schema.org\",\"@graph\":[{\"@type\":\"WebSite\",\"@id\":\"https:\/\/www.plumprops.com\/#website\",\"url\":\"https:\/\/www.plumprops.com\/\",\"name\":\"Newborn Photography Props\",\"description\":\"\",\"potentialAction\":[{\"@type\":\"SearchAction\",\"target\":\"https:\/\/www.plumprops.com\/?s={search_term_string}\",\"query-input\":\"required name=search_term_string\"}],\"inLanguage\":\"pl-PL\"},{\"@type\":\"ImageObject\",\"@id\":\"https:\/\/www.plumprops.com\/pl\/lozeczka-drewniane\/mini-lozeczko-ii\/#primaryimage\",\"inLanguage\":\"pl-PL\",\"url\":\"https:\/\/www.plumprops.com\/wp-content\/uploads\/2020\/06\/1858.jpg\",\"width\":1600,\"height\":1068},{\"@type\":\"WebPage\",\"@id\":\"https:\/\/www.plumprops.com\/pl\/lozeczka-drewniane\/mini-lozeczko-ii\/#webpage\",\"url\":\"https:\/\/www.plumprops.com\/pl\/lozeczka-drewniane\/mini-lozeczko-ii\/\",\"name\":\"Mi\\u0119towe proste mini \\u0142\\u00f3\\u017ceczko do sesji noworodkowych\",\"isPartOf\":{\"@id\":\"https:\/\/www.plumprops.com\/#website\"},\"primaryImageOfPage\":{\"@id\":\"https:\/\/www.plumprops.com\/pl\/lozeczka-drewniane\/mini-lozeczko-ii\/#primaryimage\"},\"datePublished\":\"2018-11-07T01:29:48+00:00\",\"dateModified\":\"2024-02-07T16:36:31+00:00\",\"description\":\"Mi\\u0119towe, drewniane \\u0142\\u00f3\\u017ceczko stylizowane na stare. Idealne do noworodkowej sesji fotograficznej. Wykonane r\\u0119cznie.\",\"breadcrumb\":{\"@id\":\"https:\/\/www.plumprops.com\/pl\/lozeczka-drewniane\/mini-lozeczko-ii\/#breadcrumb\"},\"inLanguage\":\"pl-PL\",\"potentialAction\":[{\"@type\":\"ReadAction\",\"target\":[\"https:\/\/www.plumprops.com\/pl\/lozeczka-drewniane\/mini-lozeczko-ii\/\"]}]},{\"@type\":\"BreadcrumbList\",\"@id\":\"https:\/\/www.plumprops.com\/pl\/lozeczka-drewniane\/mini-lozeczko-ii\/#breadcrumb\",\"itemListElement\":[{\"@type\":\"ListItem\",\"position\":1,\"item\":{\"@type\":\"WebPage\",\"@id\":\"https:\/\/www.plumprops.com\/pl\/\",\"url\":\"https:\/\/www.plumprops.com\/pl\/\",\"name\":\"Home\"}},{\"@type\":\"ListItem\",\"position\":2,\"item\":{\"@type\":\"WebPage\",\"@id\":\"https:\/\/www.plumprops.com\/pl\/sklep\/\",\"url\":\"https:\/\/www.plumprops.com\/pl\/sklep\/\",\"name\":\"Sklep\"}},{\"@type\":\"ListItem\",\"position\":3,\"item\":{\"@type\":\"WebPage\",\"@id\":\"https:\/\/www.plumprops.com\/pl\/lozeczka-drewniane\/mini-lozeczko-ii\/\",\"url\":\"https:\/\/www.plumprops.com\/pl\/lozeczka-drewniane\/mini-lozeczko-ii\/\",\"name\":\"Mini \\u0142\\u00f3\\u017ceczko II\"}}]}]}<\/script>\n<!-- \/ Yoast SEO plugin. -->","_links":{"self":[{"href":"https:\/\/www.plumprops.com\/pl\/wp-json\/wp\/v2\/product\/8564"}],"collection":[{"href":"https:\/\/www.plumprops.com\/pl\/wp-json\/wp\/v2\/product"}],"about":[{"href":"https:\/\/www.plumprops.com\/pl\/wp-json\/wp\/v2\/types\/product"}],"replies":[{"embeddable":true,"href":"https:\/\/www.plumprops.com\/pl\/wp-json\/wp\/v2\/comments?post=8564"}],"version-history":[{"count":0,"href":"https:\/\/www.plumprops.com\/pl\/wp-json\/wp\/v2\/product\/8564\/revisions"}],"wp:featuredmedia":[{"embeddable":true,"href":"https:\/\/www.plumprops.com\/pl\/wp-json\/wp\/v2\/media\/11913"}],"wp:attachment":[{"href":"https:\/\/www.plumprops.com\/pl\/wp-json\/wp\/v2\/media?parent=8564"}],"curies":[{"name":"wp","href":"https:\/\/api.w.org\/{rel}","templated":true}]}}