{"id":8627,"date":"2018-11-14T17:12:38","date_gmt":"2018-11-14T17:12:38","guid":{"rendered":"https:\/\/www.plumprops.com\/?product=duza-zielona-skrzynka"},"modified":"2025-06-01T16:16:24","modified_gmt":"2025-06-01T16:16:24","slug":"prostokatna-drewniana-skrzynka","status":"publish","type":"product","link":"https:\/\/www.plumprops.com\/pl\/skrzynki-drewniane\/prostokatna-drewniana-skrzynka\/","title":{"rendered":"Prostok\u0105tna drewniana skrzynka"},"content":{"rendered":"<p>Naturalne kolory pozwalaj\u0105 na wi\u0119ksz\u0105 swobod\u0119 w doborze pozosta\u0142ych element\u00f3w scenografii.<\/p>\n<p>Uwaga. Nasze skrzynki wykonane s\u0105 ze szczotkowanych desek, stylizowanych na postarzane. Nale\u017cy unika\u0107 bezpo\u015bredniego kontaktu maluszka z produktem.<\/p>\n","protected":false},"excerpt":{"rendered":"<p>Prostok\u0105tna skrzynka to jeden z podstawowych element\u00f3w jaki powinien znale\u017a\u0107 si\u0119 w studio ka\u017cdego fotografa. Skrzynki daj\u0105 bardzo du\u017co mo\u017cliwo\u015bci pozycjonowania noworodk\u00f3w, dzi\u0119ki czemu jeden gad\u017cet mo\u017ce zosta\u0107 wykorzystany na wiele sposob\u00f3w.<\/p>\n<p>Skrzynka swobodnie zmie\u015bci nie tylko noworodka, ale tak\u017ce siedz\u0105cego niemowlaka.<\/p>\n<p>Wymiary:<\/p>\n<p>Du\u017ca: szer. 34 cm x d\u0142. 45 cm x wys.14 cm<\/p>\n<p>Ma\u0142a: szer. 31 cm x d\u0142. 42 cm x wys.10 cm<\/p>\n","protected":false},"featured_media":14015,"comment_status":"open","ping_status":"closed","template":"","meta":[],"yoast_head":"<!-- This site is optimized with the Yoast SEO plugin v16.0.2 - https:\/\/yoast.com\/wordpress\/plugins\/seo\/ -->\n<title>Prostok\u0105tna drewniana skrzynka - Newborn Photography Props<\/title>\n<link rel=\"canonical\" href=\"https:\/\/www.plumprops.com\/pl\/skrzynki-drewniane\/prostokatna-drewniana-skrzynka\/\" \/>\n<meta property=\"og:locale\" content=\"pl_PL\" \/>\n<meta property=\"og:type\" content=\"article\" \/>\n<meta property=\"og:title\" content=\"Prostok\u0105tna drewniana skrzynka - Newborn Photography Props\" \/>\n<meta property=\"og:description\" content=\"Prostok\u0105tna skrzynka to jeden z podstawowych element\u00f3w jaki powinien znale\u017a\u0107 si\u0119 w studio ka\u017cdego fotografa. Skrzynki daj\u0105 bardzo du\u017co mo\u017cliwo\u015bci pozycjonowania noworodk\u00f3w, dzi\u0119ki czemu jeden gad\u017cet mo\u017ce zosta\u0107 wykorzystany na wiele sposob\u00f3w.  Skrzynka swobodnie zmie\u015bci nie tylko noworodka, ale tak\u017ce siedz\u0105cego niemowlaka.  Wymiary:  Du\u017ca: szer. 34 cm x d\u0142. 45 cm x wys.14 cm  Ma\u0142a: szer. 31 cm x d\u0142. 42 cm x wys.10 cm\" \/>\n<meta property=\"og:url\" content=\"https:\/\/www.plumprops.com\/pl\/skrzynki-drewniane\/prostokatna-drewniana-skrzynka\/\" \/>\n<meta property=\"og:site_name\" content=\"Newborn Photography Props\" \/>\n<meta property=\"article:modified_time\" content=\"2025-06-01T16:16:24+00:00\" \/>\n<meta property=\"og:image\" content=\"https:\/\/www.plumprops.com\/wp-content\/uploads\/2020\/06\/2987.jpg\" \/>\n\t<meta property=\"og:image:width\" content=\"1400\" \/>\n\t<meta property=\"og:image:height\" content=\"927\" \/>\n<meta name=\"twitter:card\" content=\"summary_large_image\" \/>\n<script type=\"application\/ld+json\" class=\"yoast-schema-graph\">{\"@context\":\"https:\/\/schema.org\",\"@graph\":[{\"@type\":\"WebSite\",\"@id\":\"https:\/\/www.plumprops.com\/#website\",\"url\":\"https:\/\/www.plumprops.com\/\",\"name\":\"Newborn Photography Props\",\"description\":\"\",\"potentialAction\":[{\"@type\":\"SearchAction\",\"target\":\"https:\/\/www.plumprops.com\/?s={search_term_string}\",\"query-input\":\"required name=search_term_string\"}],\"inLanguage\":\"pl-PL\"},{\"@type\":\"ImageObject\",\"@id\":\"https:\/\/www.plumprops.com\/pl\/skrzynki-drewniane\/prostokatna-drewniana-skrzynka\/#primaryimage\",\"inLanguage\":\"pl-PL\",\"url\":\"https:\/\/www.plumprops.com\/wp-content\/uploads\/2018\/11\/BIG-WOODEN-BOX-29_plumprops.jpg\",\"width\":1400,\"height\":927},{\"@type\":\"WebPage\",\"@id\":\"https:\/\/www.plumprops.com\/pl\/skrzynki-drewniane\/prostokatna-drewniana-skrzynka\/#webpage\",\"url\":\"https:\/\/www.plumprops.com\/pl\/skrzynki-drewniane\/prostokatna-drewniana-skrzynka\/\",\"name\":\"Prostok\\u0105tna drewniana skrzynka - Newborn Photography Props\",\"isPartOf\":{\"@id\":\"https:\/\/www.plumprops.com\/#website\"},\"primaryImageOfPage\":{\"@id\":\"https:\/\/www.plumprops.com\/pl\/skrzynki-drewniane\/prostokatna-drewniana-skrzynka\/#primaryimage\"},\"datePublished\":\"2018-11-14T17:12:38+00:00\",\"dateModified\":\"2025-06-01T16:16:24+00:00\",\"breadcrumb\":{\"@id\":\"https:\/\/www.plumprops.com\/pl\/skrzynki-drewniane\/prostokatna-drewniana-skrzynka\/#breadcrumb\"},\"inLanguage\":\"pl-PL\",\"potentialAction\":[{\"@type\":\"ReadAction\",\"target\":[\"https:\/\/www.plumprops.com\/pl\/skrzynki-drewniane\/prostokatna-drewniana-skrzynka\/\"]}]},{\"@type\":\"BreadcrumbList\",\"@id\":\"https:\/\/www.plumprops.com\/pl\/skrzynki-drewniane\/prostokatna-drewniana-skrzynka\/#breadcrumb\",\"itemListElement\":[{\"@type\":\"ListItem\",\"position\":1,\"item\":{\"@type\":\"WebPage\",\"@id\":\"https:\/\/www.plumprops.com\/pl\/\",\"url\":\"https:\/\/www.plumprops.com\/pl\/\",\"name\":\"Home\"}},{\"@type\":\"ListItem\",\"position\":2,\"item\":{\"@type\":\"WebPage\",\"@id\":\"https:\/\/www.plumprops.com\/pl\/sklep\/\",\"url\":\"https:\/\/www.plumprops.com\/pl\/sklep\/\",\"name\":\"Sklep\"}},{\"@type\":\"ListItem\",\"position\":3,\"item\":{\"@type\":\"WebPage\",\"@id\":\"https:\/\/www.plumprops.com\/pl\/skrzynki-drewniane\/prostokatna-drewniana-skrzynka\/\",\"url\":\"https:\/\/www.plumprops.com\/pl\/skrzynki-drewniane\/prostokatna-drewniana-skrzynka\/\",\"name\":\"Prostok\\u0105tna drewniana skrzynka\"}}]}]}<\/script>\n<!-- \/ Yoast SEO plugin. -->","_links":{"self":[{"href":"https:\/\/www.plumprops.com\/pl\/wp-json\/wp\/v2\/product\/8627"}],"collection":[{"href":"https:\/\/www.plumprops.com\/pl\/wp-json\/wp\/v2\/product"}],"about":[{"href":"https:\/\/www.plumprops.com\/pl\/wp-json\/wp\/v2\/types\/product"}],"replies":[{"embeddable":true,"href":"https:\/\/www.plumprops.com\/pl\/wp-json\/wp\/v2\/comments?post=8627"}],"version-history":[{"count":0,"href":"https:\/\/www.plumprops.com\/pl\/wp-json\/wp\/v2\/product\/8627\/revisions"}],"wp:featuredmedia":[{"embeddable":true,"href":"https:\/\/www.plumprops.com\/pl\/wp-json\/wp\/v2\/media\/14015"}],"wp:attachment":[{"href":"https:\/\/www.plumprops.com\/pl\/wp-json\/wp\/v2\/media?parent=8627"}],"curies":[{"name":"wp","href":"https:\/\/api.w.org\/{rel}","templated":true}]}}