{"id":8687,"date":"2018-11-21T16:03:08","date_gmt":"2018-11-21T16:03:08","guid":{"rendered":"https:\/\/www.plumprops.com\/?product=ma%c5%82y-bia%c5%82y-stoliczek"},"modified":"2025-05-30T00:12:26","modified_gmt":"2025-05-30T00:12:26","slug":"maly-stoliczek","status":"publish","type":"product","link":"https:\/\/www.plumprops.com\/pl\/krzesla-i-stoliczki\/maly-stoliczek\/","title":{"rendered":"Ma\u0142y stoliczek"},"content":{"rendered":"","protected":false},"excerpt":{"rendered":"<p>Ma\u0142y stolik kawowy &#8211; idealny na sesje siedz\u0105cych maluszk\u00f3w jak i noworodk\u00f3w. Mo\u017cesz zaaran\u017cowa\u0107 ma\u0142y k\u0105cik, \u0142\u0105cz\u0105c go z naszym \u0142\u00f3\u017ceczkiem. Umie\u015b\u0107 na nim kwiaty lub ciasteczka. Cokolwiek powie ci Twoja wyobra\u017ania.<\/p>\n<p>Tylko stolik &#8211; bez dekoracji.<\/p>\n","protected":false},"featured_media":8681,"comment_status":"open","ping_status":"closed","template":"","meta":[],"yoast_head":"<!-- This site is optimized with the Yoast SEO plugin v16.0.2 - https:\/\/yoast.com\/wordpress\/plugins\/seo\/ -->\n<title>Ma\u0142y stoliczek - Newborn Photography Props<\/title>\n<link rel=\"canonical\" href=\"https:\/\/www.plumprops.com\/pl\/krzesla-i-stoliczki\/maly-stoliczek\/\" \/>\n<meta property=\"og:locale\" content=\"pl_PL\" \/>\n<meta property=\"og:type\" content=\"article\" \/>\n<meta property=\"og:title\" content=\"Ma\u0142y stoliczek - Newborn Photography Props\" \/>\n<meta property=\"og:description\" content=\"Ma\u0142y stolik kawowy - idealny na sesje siedz\u0105cych maluszk\u00f3w jak i noworodk\u00f3w. Mo\u017cesz zaaran\u017cowa\u0107 ma\u0142y k\u0105cik, \u0142\u0105cz\u0105c go z naszym \u0142\u00f3\u017ceczkiem. Umie\u015b\u0107 na nim kwiaty lub ciasteczka. Cokolwiek powie ci Twoja wyobra\u017ania.  Tylko stolik - bez dekoracji.\" \/>\n<meta property=\"og:url\" content=\"https:\/\/www.plumprops.com\/pl\/krzesla-i-stoliczki\/maly-stoliczek\/\" \/>\n<meta property=\"og:site_name\" content=\"Newborn Photography Props\" \/>\n<meta property=\"article:modified_time\" content=\"2025-05-30T00:12:26+00:00\" \/>\n<meta property=\"og:image\" content=\"https:\/\/www.plumprops.com\/wp-content\/uploads\/2020\/06\/1990.jpg\" \/>\n\t<meta property=\"og:image:width\" content=\"1800\" \/>\n\t<meta property=\"og:image:height\" content=\"1192\" \/>\n<meta name=\"twitter:card\" content=\"summary_large_image\" \/>\n<script type=\"application\/ld+json\" class=\"yoast-schema-graph\">{\"@context\":\"https:\/\/schema.org\",\"@graph\":[{\"@type\":\"WebSite\",\"@id\":\"https:\/\/www.plumprops.com\/#website\",\"url\":\"https:\/\/www.plumprops.com\/\",\"name\":\"Newborn Photography Props\",\"description\":\"\",\"potentialAction\":[{\"@type\":\"SearchAction\",\"target\":\"https:\/\/www.plumprops.com\/?s={search_term_string}\",\"query-input\":\"required name=search_term_string\"}],\"inLanguage\":\"pl-PL\"},{\"@type\":\"ImageObject\",\"@id\":\"https:\/\/www.plumprops.com\/pl\/krzesla-i-stoliczki\/maly-stoliczek\/#primaryimage\",\"inLanguage\":\"pl-PL\",\"url\":\"https:\/\/www.plumprops.com\/wp-content\/uploads\/2020\/06\/1990.jpg\",\"width\":1800,\"height\":1192},{\"@type\":\"WebPage\",\"@id\":\"https:\/\/www.plumprops.com\/pl\/krzesla-i-stoliczki\/maly-stoliczek\/#webpage\",\"url\":\"https:\/\/www.plumprops.com\/pl\/krzesla-i-stoliczki\/maly-stoliczek\/\",\"name\":\"Ma\\u0142y stoliczek - Newborn Photography Props\",\"isPartOf\":{\"@id\":\"https:\/\/www.plumprops.com\/#website\"},\"primaryImageOfPage\":{\"@id\":\"https:\/\/www.plumprops.com\/pl\/krzesla-i-stoliczki\/maly-stoliczek\/#primaryimage\"},\"datePublished\":\"2018-11-21T16:03:08+00:00\",\"dateModified\":\"2025-05-30T00:12:26+00:00\",\"breadcrumb\":{\"@id\":\"https:\/\/www.plumprops.com\/pl\/krzesla-i-stoliczki\/maly-stoliczek\/#breadcrumb\"},\"inLanguage\":\"pl-PL\",\"potentialAction\":[{\"@type\":\"ReadAction\",\"target\":[\"https:\/\/www.plumprops.com\/pl\/krzesla-i-stoliczki\/maly-stoliczek\/\"]}]},{\"@type\":\"BreadcrumbList\",\"@id\":\"https:\/\/www.plumprops.com\/pl\/krzesla-i-stoliczki\/maly-stoliczek\/#breadcrumb\",\"itemListElement\":[{\"@type\":\"ListItem\",\"position\":1,\"item\":{\"@type\":\"WebPage\",\"@id\":\"https:\/\/www.plumprops.com\/pl\/\",\"url\":\"https:\/\/www.plumprops.com\/pl\/\",\"name\":\"Home\"}},{\"@type\":\"ListItem\",\"position\":2,\"item\":{\"@type\":\"WebPage\",\"@id\":\"https:\/\/www.plumprops.com\/pl\/sklep\/\",\"url\":\"https:\/\/www.plumprops.com\/pl\/sklep\/\",\"name\":\"Sklep\"}},{\"@type\":\"ListItem\",\"position\":3,\"item\":{\"@type\":\"WebPage\",\"@id\":\"https:\/\/www.plumprops.com\/pl\/krzesla-i-stoliczki\/maly-stoliczek\/\",\"url\":\"https:\/\/www.plumprops.com\/pl\/krzesla-i-stoliczki\/maly-stoliczek\/\",\"name\":\"Ma\\u0142y stoliczek\"}}]}]}<\/script>\n<!-- \/ Yoast SEO plugin. -->","_links":{"self":[{"href":"https:\/\/www.plumprops.com\/pl\/wp-json\/wp\/v2\/product\/8687"}],"collection":[{"href":"https:\/\/www.plumprops.com\/pl\/wp-json\/wp\/v2\/product"}],"about":[{"href":"https:\/\/www.plumprops.com\/pl\/wp-json\/wp\/v2\/types\/product"}],"replies":[{"embeddable":true,"href":"https:\/\/www.plumprops.com\/pl\/wp-json\/wp\/v2\/comments?post=8687"}],"version-history":[{"count":0,"href":"https:\/\/www.plumprops.com\/pl\/wp-json\/wp\/v2\/product\/8687\/revisions"}],"wp:featuredmedia":[{"embeddable":true,"href":"https:\/\/www.plumprops.com\/pl\/wp-json\/wp\/v2\/media\/8681"}],"wp:attachment":[{"href":"https:\/\/www.plumprops.com\/pl\/wp-json\/wp\/v2\/media?parent=8687"}],"curies":[{"name":"wp","href":"https:\/\/api.w.org\/{rel}","templated":true}]}}