{"id":8961,"date":"2019-02-26T12:29:15","date_gmt":"2019-02-26T12:29:15","guid":{"rendered":"https:\/\/www.plumprops.com\/?product=brudny-b%c5%82ekit-warstwa-jutowa"},"modified":"2023-07-20T23:00:16","modified_gmt":"2023-07-20T23:00:16","slug":"warstwa-jutowa","status":"publish","type":"product","link":"https:\/\/www.plumprops.com\/pl\/warstwy\/warstwa-jutowa\/","title":{"rendered":"Warstwa jutowa"},"content":{"rendered":"<p><span id=\"result_box\" class=\"short_text\" lang=\"en\" xml:lang=\"en\">R\u0119cznie farbowana, pra\u0107 r\u0119cznie w ch\u0142odnej wodzie z minimaln\u0105 ilo\u015bci\u0105 detergentu<\/span><\/p>\n","protected":false},"excerpt":{"rendered":"<p>Ta wspania\u0142a warstwa wykonana jest z naturalnej juty. Warstwy dodaj\u0105 wiele uroczej tekstury, rustykalnego i organicznego wygl\u0105du do twojej sesji.<\/p>\n<p>ROZMIAR: Warstwy maj\u0105 wymiary oko\u0142o 45 cm x 45 cm \u0142\u0105cznie z fr\u0119dzlami.<\/p>\n","protected":false},"featured_media":8956,"comment_status":"open","ping_status":"closed","template":"","meta":[],"yoast_head":"<!-- This site is optimized with the Yoast SEO plugin v16.0.2 - https:\/\/yoast.com\/wordpress\/plugins\/seo\/ -->\n<title>Warstwa jutowa - Newborn Photography Props<\/title>\n<link rel=\"canonical\" href=\"https:\/\/www.plumprops.com\/pl\/warstwy\/warstwa-jutowa\/\" \/>\n<meta property=\"og:locale\" content=\"pl_PL\" \/>\n<meta property=\"og:type\" content=\"article\" \/>\n<meta property=\"og:title\" content=\"Warstwa jutowa - Newborn Photography Props\" \/>\n<meta property=\"og:description\" content=\"Ta wspania\u0142a warstwa wykonana jest z naturalnej juty. Warstwy dodaj\u0105 wiele uroczej tekstury, rustykalnego i organicznego wygl\u0105du do twojej sesji.  ROZMIAR: Warstwy maj\u0105 wymiary oko\u0142o 45 cm x 45 cm \u0142\u0105cznie z fr\u0119dzlami.\" \/>\n<meta property=\"og:url\" content=\"https:\/\/www.plumprops.com\/pl\/warstwy\/warstwa-jutowa\/\" \/>\n<meta property=\"og:site_name\" content=\"Newborn Photography Props\" \/>\n<meta property=\"article:modified_time\" content=\"2023-07-20T23:00:16+00:00\" \/>\n<meta property=\"og:image\" content=\"https:\/\/www.plumprops.com\/wp-content\/uploads\/2020\/06\/2243.jpg\" \/>\n\t<meta property=\"og:image:width\" content=\"1800\" \/>\n\t<meta property=\"og:image:height\" content=\"1192\" \/>\n<meta name=\"twitter:card\" content=\"summary_large_image\" \/>\n<script type=\"application\/ld+json\" class=\"yoast-schema-graph\">{\"@context\":\"https:\/\/schema.org\",\"@graph\":[{\"@type\":\"WebSite\",\"@id\":\"https:\/\/www.plumprops.com\/#website\",\"url\":\"https:\/\/www.plumprops.com\/\",\"name\":\"Newborn Photography Props\",\"description\":\"\",\"potentialAction\":[{\"@type\":\"SearchAction\",\"target\":\"https:\/\/www.plumprops.com\/?s={search_term_string}\",\"query-input\":\"required name=search_term_string\"}],\"inLanguage\":\"pl-PL\"},{\"@type\":\"ImageObject\",\"@id\":\"https:\/\/www.plumprops.com\/pl\/warstwy\/warstwa-jutowa\/#primaryimage\",\"inLanguage\":\"pl-PL\",\"url\":\"https:\/\/www.plumprops.com\/wp-content\/uploads\/2020\/06\/2243.jpg\",\"width\":1800,\"height\":1192},{\"@type\":\"WebPage\",\"@id\":\"https:\/\/www.plumprops.com\/pl\/warstwy\/warstwa-jutowa\/#webpage\",\"url\":\"https:\/\/www.plumprops.com\/pl\/warstwy\/warstwa-jutowa\/\",\"name\":\"Warstwa jutowa - Newborn Photography Props\",\"isPartOf\":{\"@id\":\"https:\/\/www.plumprops.com\/#website\"},\"primaryImageOfPage\":{\"@id\":\"https:\/\/www.plumprops.com\/pl\/warstwy\/warstwa-jutowa\/#primaryimage\"},\"datePublished\":\"2019-02-26T12:29:15+00:00\",\"dateModified\":\"2023-07-20T23:00:16+00:00\",\"breadcrumb\":{\"@id\":\"https:\/\/www.plumprops.com\/pl\/warstwy\/warstwa-jutowa\/#breadcrumb\"},\"inLanguage\":\"pl-PL\",\"potentialAction\":[{\"@type\":\"ReadAction\",\"target\":[\"https:\/\/www.plumprops.com\/pl\/warstwy\/warstwa-jutowa\/\"]}]},{\"@type\":\"BreadcrumbList\",\"@id\":\"https:\/\/www.plumprops.com\/pl\/warstwy\/warstwa-jutowa\/#breadcrumb\",\"itemListElement\":[{\"@type\":\"ListItem\",\"position\":1,\"item\":{\"@type\":\"WebPage\",\"@id\":\"https:\/\/www.plumprops.com\/pl\/\",\"url\":\"https:\/\/www.plumprops.com\/pl\/\",\"name\":\"Home\"}},{\"@type\":\"ListItem\",\"position\":2,\"item\":{\"@type\":\"WebPage\",\"@id\":\"https:\/\/www.plumprops.com\/pl\/sklep\/\",\"url\":\"https:\/\/www.plumprops.com\/pl\/sklep\/\",\"name\":\"Sklep\"}},{\"@type\":\"ListItem\",\"position\":3,\"item\":{\"@type\":\"WebPage\",\"@id\":\"https:\/\/www.plumprops.com\/pl\/warstwy\/warstwa-jutowa\/\",\"url\":\"https:\/\/www.plumprops.com\/pl\/warstwy\/warstwa-jutowa\/\",\"name\":\"Warstwa jutowa\"}}]}]}<\/script>\n<!-- \/ Yoast SEO plugin. -->","_links":{"self":[{"href":"https:\/\/www.plumprops.com\/pl\/wp-json\/wp\/v2\/product\/8961"}],"collection":[{"href":"https:\/\/www.plumprops.com\/pl\/wp-json\/wp\/v2\/product"}],"about":[{"href":"https:\/\/www.plumprops.com\/pl\/wp-json\/wp\/v2\/types\/product"}],"replies":[{"embeddable":true,"href":"https:\/\/www.plumprops.com\/pl\/wp-json\/wp\/v2\/comments?post=8961"}],"version-history":[{"count":0,"href":"https:\/\/www.plumprops.com\/pl\/wp-json\/wp\/v2\/product\/8961\/revisions"}],"wp:featuredmedia":[{"embeddable":true,"href":"https:\/\/www.plumprops.com\/pl\/wp-json\/wp\/v2\/media\/8956"}],"wp:attachment":[{"href":"https:\/\/www.plumprops.com\/pl\/wp-json\/wp\/v2\/media?parent=8961"}],"curies":[{"name":"wp","href":"https:\/\/api.w.org\/{rel}","templated":true}]}}