{"id":9310,"date":"2019-06-13T09:32:24","date_gmt":"2019-06-13T09:32:24","guid":{"rendered":"https:\/\/www.plumprops.com\/?product=owijka-i-bonetka-jasny-dzins"},"modified":"2025-05-29T16:53:00","modified_gmt":"2025-05-29T16:53:00","slug":"owijka-i-bonetka-z-alpaki","status":"publish","type":"product","link":"https:\/\/www.plumprops.com\/pl\/owijki\/owijka-i-bonetka-z-alpaki\/","title":{"rendered":"Owijka i bonetka z alpaki"},"content":{"rendered":"<p><span id=\"result_box\" lang=\"pl\" xml:lang=\"pl\">Delikatnie pra\u0107 r\u0119cznie w temperaturze max. 30 \u00b0 C. Zawin\u0105\u0107 w r\u0119cznik, aby wycisn\u0105\u0107 nadmiar wody i u\u0142o\u017cy\u0107 p\u0142asko do wyschni\u0119cia. Nie wy\u017cyma\u0107.<br \/>\n<\/span><\/p>\n","protected":false},"excerpt":{"rendered":"<p>D\u0142uga, we\u0142niana owijka i bonetka. Przyjemna w dotyku, niegryz\u0105ca, rozci\u0105gliwa.Rozmiar owijki wynosi ok. 40 x 150 (+\/- 10 ) cm bez rozci\u0105gania.<\/p>\n<p>Rozmiar czapeczki: nb<\/p>\n<p>35 % peruwia\u0144ska we\u0142na, 65% we\u0142na z alpaki<\/p>\n","protected":false},"featured_media":14605,"comment_status":"open","ping_status":"closed","template":"","meta":[],"yoast_head":"<!-- This site is optimized with the Yoast SEO plugin v16.0.2 - https:\/\/yoast.com\/wordpress\/plugins\/seo\/ -->\n<title>Owijka i bonetka z alpaki - Newborn Photography Props<\/title>\n<link rel=\"canonical\" href=\"https:\/\/www.plumprops.com\/pl\/owijki\/owijka-i-bonetka-z-alpaki\/\" \/>\n<meta property=\"og:locale\" content=\"pl_PL\" \/>\n<meta property=\"og:type\" content=\"article\" \/>\n<meta property=\"og:title\" content=\"Owijka i bonetka z alpaki - Newborn Photography Props\" \/>\n<meta property=\"og:description\" content=\"D\u0142uga, we\u0142niana owijka i bonetka. Przyjemna w dotyku, niegryz\u0105ca, rozci\u0105gliwa.Rozmiar owijki wynosi ok. 40 x 150 (+\/- 10 ) cm bez rozci\u0105gania.  Rozmiar czapeczki: nb  35 % peruwia\u0144ska we\u0142na, 65% we\u0142na z alpaki\" \/>\n<meta property=\"og:url\" content=\"https:\/\/www.plumprops.com\/pl\/owijki\/owijka-i-bonetka-z-alpaki\/\" \/>\n<meta property=\"og:site_name\" content=\"Newborn Photography Props\" \/>\n<meta property=\"article:modified_time\" content=\"2025-05-29T16:53:00+00:00\" \/>\n<meta property=\"og:image\" content=\"https:\/\/www.plumprops.com\/wp-content\/uploads\/2020\/09\/DSC_0188.jpg\" \/>\n\t<meta property=\"og:image:width\" content=\"1400\" \/>\n\t<meta property=\"og:image:height\" content=\"927\" \/>\n<meta name=\"twitter:card\" content=\"summary_large_image\" \/>\n<script type=\"application\/ld+json\" class=\"yoast-schema-graph\">{\"@context\":\"https:\/\/schema.org\",\"@graph\":[{\"@type\":\"WebSite\",\"@id\":\"https:\/\/www.plumprops.com\/#website\",\"url\":\"https:\/\/www.plumprops.com\/\",\"name\":\"Newborn Photography Props\",\"description\":\"\",\"potentialAction\":[{\"@type\":\"SearchAction\",\"target\":\"https:\/\/www.plumprops.com\/?s={search_term_string}\",\"query-input\":\"required name=search_term_string\"}],\"inLanguage\":\"pl-PL\"},{\"@type\":\"ImageObject\",\"@id\":\"https:\/\/www.plumprops.com\/pl\/owijki\/owijka-i-bonetka-z-alpaki\/#primaryimage\",\"inLanguage\":\"pl-PL\",\"url\":\"https:\/\/www.plumprops.com\/wp-content\/uploads\/2020\/09\/DSC_0188.jpg\",\"width\":1400,\"height\":927},{\"@type\":\"WebPage\",\"@id\":\"https:\/\/www.plumprops.com\/pl\/owijki\/owijka-i-bonetka-z-alpaki\/#webpage\",\"url\":\"https:\/\/www.plumprops.com\/pl\/owijki\/owijka-i-bonetka-z-alpaki\/\",\"name\":\"Owijka i bonetka z alpaki - Newborn Photography Props\",\"isPartOf\":{\"@id\":\"https:\/\/www.plumprops.com\/#website\"},\"primaryImageOfPage\":{\"@id\":\"https:\/\/www.plumprops.com\/pl\/owijki\/owijka-i-bonetka-z-alpaki\/#primaryimage\"},\"datePublished\":\"2019-06-13T09:32:24+00:00\",\"dateModified\":\"2025-05-29T16:53:00+00:00\",\"breadcrumb\":{\"@id\":\"https:\/\/www.plumprops.com\/pl\/owijki\/owijka-i-bonetka-z-alpaki\/#breadcrumb\"},\"inLanguage\":\"pl-PL\",\"potentialAction\":[{\"@type\":\"ReadAction\",\"target\":[\"https:\/\/www.plumprops.com\/pl\/owijki\/owijka-i-bonetka-z-alpaki\/\"]}]},{\"@type\":\"BreadcrumbList\",\"@id\":\"https:\/\/www.plumprops.com\/pl\/owijki\/owijka-i-bonetka-z-alpaki\/#breadcrumb\",\"itemListElement\":[{\"@type\":\"ListItem\",\"position\":1,\"item\":{\"@type\":\"WebPage\",\"@id\":\"https:\/\/www.plumprops.com\/pl\/\",\"url\":\"https:\/\/www.plumprops.com\/pl\/\",\"name\":\"Home\"}},{\"@type\":\"ListItem\",\"position\":2,\"item\":{\"@type\":\"WebPage\",\"@id\":\"https:\/\/www.plumprops.com\/pl\/sklep\/\",\"url\":\"https:\/\/www.plumprops.com\/pl\/sklep\/\",\"name\":\"Sklep\"}},{\"@type\":\"ListItem\",\"position\":3,\"item\":{\"@type\":\"WebPage\",\"@id\":\"https:\/\/www.plumprops.com\/pl\/owijki\/owijka-i-bonetka-z-alpaki\/\",\"url\":\"https:\/\/www.plumprops.com\/pl\/owijki\/owijka-i-bonetka-z-alpaki\/\",\"name\":\"Owijka i bonetka z alpaki\"}}]}]}<\/script>\n<!-- \/ Yoast SEO plugin. -->","_links":{"self":[{"href":"https:\/\/www.plumprops.com\/pl\/wp-json\/wp\/v2\/product\/9310"}],"collection":[{"href":"https:\/\/www.plumprops.com\/pl\/wp-json\/wp\/v2\/product"}],"about":[{"href":"https:\/\/www.plumprops.com\/pl\/wp-json\/wp\/v2\/types\/product"}],"replies":[{"embeddable":true,"href":"https:\/\/www.plumprops.com\/pl\/wp-json\/wp\/v2\/comments?post=9310"}],"version-history":[{"count":0,"href":"https:\/\/www.plumprops.com\/pl\/wp-json\/wp\/v2\/product\/9310\/revisions"}],"wp:featuredmedia":[{"embeddable":true,"href":"https:\/\/www.plumprops.com\/pl\/wp-json\/wp\/v2\/media\/14605"}],"wp:attachment":[{"href":"https:\/\/www.plumprops.com\/pl\/wp-json\/wp\/v2\/media?parent=9310"}],"curies":[{"name":"wp","href":"https:\/\/api.w.org\/{rel}","templated":true}]}}