{"id":9548,"date":"2020-01-07T14:09:01","date_gmt":"2020-01-07T14:09:01","guid":{"rendered":"https:\/\/www.plumprops.com\/?product=bezowe-mini-%c5%82ozeczko"},"modified":"2026-03-10T14:15:54","modified_gmt":"2026-03-10T14:15:54","slug":"mini-lozeczko-i-dowolny-kolor","status":"publish","type":"product","link":"https:\/\/www.plumprops.com\/pl\/lozeczka-drewniane\/mini-lozeczko-i-dowolny-kolor\/","title":{"rendered":"Mini \u0142\u00f3\u017ceczko I &#8211; dowolny kolor"},"content":{"rendered":"","protected":false},"excerpt":{"rendered":"<p>Proste drewniane \u0142\u00f3\u017cko. B\u0119dzie idealnie pasowa\u0107 do noworodkowej sesji zdj\u0119ciowej.<\/p>\n<p>Proste drewniane \u0142\u00f3\u017cko. Idealnie sprawdzi si\u0119 jako rekwizyt do noworodkowej sesji zdj\u0119ciowej.<\/p>\n<p>Kolor do wyboru.<\/p>\n<p>\u0141\u00f3\u017cko wykonane jest w ca\u0142o\u015bci z drewna.<\/p>\n<p>Sprzedawane bez owijki i bez dziecka \ud83d\ude09<\/p>\n<p>Rozmiar: 39 x 24 cm, H 25 and 15 cm<\/p>\n","protected":false},"featured_media":12379,"comment_status":"open","ping_status":"closed","template":"","meta":[],"yoast_head":"<!-- This site is optimized with the Yoast SEO plugin v16.0.2 - https:\/\/yoast.com\/wordpress\/plugins\/seo\/ -->\n<title>Be\u017cowe proste mini \u0142\u00f3\u017ceczko do sesji noworodkowych<\/title>\n<meta name=\"description\" content=\"Be\u017cowe, proste drewniane \u0142\u00f3\u017ceczko. Idealne do noworodkowej sesji fotograficznej. Wykonane r\u0119cznie.\" \/>\n<link rel=\"canonical\" href=\"https:\/\/www.plumprops.com\/pl\/lozeczka-drewniane\/mini-lozeczko-i-dowolny-kolor\/\" \/>\n<meta property=\"og:locale\" content=\"pl_PL\" \/>\n<meta property=\"og:type\" content=\"article\" \/>\n<meta property=\"og:title\" content=\"Be\u017cowe proste mini \u0142\u00f3\u017ceczko do sesji noworodkowych\" \/>\n<meta property=\"og:description\" content=\"Be\u017cowe, proste drewniane \u0142\u00f3\u017ceczko. Idealne do noworodkowej sesji fotograficznej. Wykonane r\u0119cznie.\" \/>\n<meta property=\"og:url\" content=\"https:\/\/www.plumprops.com\/pl\/lozeczka-drewniane\/mini-lozeczko-i-dowolny-kolor\/\" \/>\n<meta property=\"og:site_name\" content=\"Newborn Photography Props\" \/>\n<meta property=\"article:modified_time\" content=\"2026-03-10T14:15:54+00:00\" \/>\n<meta property=\"og:image\" content=\"https:\/\/www.plumprops.com\/wp-content\/uploads\/2020\/01\/liliana-11-fb.jpg\" \/>\n\t<meta property=\"og:image:width\" content=\"1400\" \/>\n\t<meta property=\"og:image:height\" content=\"935\" \/>\n<meta name=\"twitter:card\" content=\"summary_large_image\" \/>\n<script type=\"application\/ld+json\" class=\"yoast-schema-graph\">{\"@context\":\"https:\/\/schema.org\",\"@graph\":[{\"@type\":\"WebSite\",\"@id\":\"https:\/\/www.plumprops.com\/#website\",\"url\":\"https:\/\/www.plumprops.com\/\",\"name\":\"Newborn Photography Props\",\"description\":\"\",\"potentialAction\":[{\"@type\":\"SearchAction\",\"target\":\"https:\/\/www.plumprops.com\/?s={search_term_string}\",\"query-input\":\"required name=search_term_string\"}],\"inLanguage\":\"pl-PL\"},{\"@type\":\"ImageObject\",\"@id\":\"https:\/\/www.plumprops.com\/pl\/lozeczka-drewniane\/mini-lozeczko-i-dowolny-kolor\/#primaryimage\",\"inLanguage\":\"pl-PL\",\"url\":\"https:\/\/www.plumprops.com\/wp-content\/uploads\/2020\/01\/liliana-11-fb.jpg\",\"width\":1400,\"height\":935},{\"@type\":\"WebPage\",\"@id\":\"https:\/\/www.plumprops.com\/pl\/lozeczka-drewniane\/mini-lozeczko-i-dowolny-kolor\/#webpage\",\"url\":\"https:\/\/www.plumprops.com\/pl\/lozeczka-drewniane\/mini-lozeczko-i-dowolny-kolor\/\",\"name\":\"Be\\u017cowe proste mini \\u0142\\u00f3\\u017ceczko do sesji noworodkowych\",\"isPartOf\":{\"@id\":\"https:\/\/www.plumprops.com\/#website\"},\"primaryImageOfPage\":{\"@id\":\"https:\/\/www.plumprops.com\/pl\/lozeczka-drewniane\/mini-lozeczko-i-dowolny-kolor\/#primaryimage\"},\"datePublished\":\"2020-01-07T14:09:01+00:00\",\"dateModified\":\"2026-03-10T14:15:54+00:00\",\"description\":\"Be\\u017cowe, proste drewniane \\u0142\\u00f3\\u017ceczko. Idealne do noworodkowej sesji fotograficznej. Wykonane r\\u0119cznie.\",\"breadcrumb\":{\"@id\":\"https:\/\/www.plumprops.com\/pl\/lozeczka-drewniane\/mini-lozeczko-i-dowolny-kolor\/#breadcrumb\"},\"inLanguage\":\"pl-PL\",\"potentialAction\":[{\"@type\":\"ReadAction\",\"target\":[\"https:\/\/www.plumprops.com\/pl\/lozeczka-drewniane\/mini-lozeczko-i-dowolny-kolor\/\"]}]},{\"@type\":\"BreadcrumbList\",\"@id\":\"https:\/\/www.plumprops.com\/pl\/lozeczka-drewniane\/mini-lozeczko-i-dowolny-kolor\/#breadcrumb\",\"itemListElement\":[{\"@type\":\"ListItem\",\"position\":1,\"item\":{\"@type\":\"WebPage\",\"@id\":\"https:\/\/www.plumprops.com\/pl\/\",\"url\":\"https:\/\/www.plumprops.com\/pl\/\",\"name\":\"Home\"}},{\"@type\":\"ListItem\",\"position\":2,\"item\":{\"@type\":\"WebPage\",\"@id\":\"https:\/\/www.plumprops.com\/pl\/sklep\/\",\"url\":\"https:\/\/www.plumprops.com\/pl\/sklep\/\",\"name\":\"Sklep\"}},{\"@type\":\"ListItem\",\"position\":3,\"item\":{\"@type\":\"WebPage\",\"@id\":\"https:\/\/www.plumprops.com\/pl\/lozeczka-drewniane\/mini-lozeczko-i-dowolny-kolor\/\",\"url\":\"https:\/\/www.plumprops.com\/pl\/lozeczka-drewniane\/mini-lozeczko-i-dowolny-kolor\/\",\"name\":\"Mini \\u0142\\u00f3\\u017ceczko I &#8211; dowolny kolor\"}}]}]}<\/script>\n<!-- \/ Yoast SEO plugin. -->","_links":{"self":[{"href":"https:\/\/www.plumprops.com\/pl\/wp-json\/wp\/v2\/product\/9548"}],"collection":[{"href":"https:\/\/www.plumprops.com\/pl\/wp-json\/wp\/v2\/product"}],"about":[{"href":"https:\/\/www.plumprops.com\/pl\/wp-json\/wp\/v2\/types\/product"}],"replies":[{"embeddable":true,"href":"https:\/\/www.plumprops.com\/pl\/wp-json\/wp\/v2\/comments?post=9548"}],"version-history":[{"count":0,"href":"https:\/\/www.plumprops.com\/pl\/wp-json\/wp\/v2\/product\/9548\/revisions"}],"wp:featuredmedia":[{"embeddable":true,"href":"https:\/\/www.plumprops.com\/pl\/wp-json\/wp\/v2\/media\/12379"}],"wp:attachment":[{"href":"https:\/\/www.plumprops.com\/pl\/wp-json\/wp\/v2\/media?parent=9548"}],"curies":[{"name":"wp","href":"https:\/\/api.w.org\/{rel}","templated":true}]}}