{"id":9588,"date":"2020-01-07T15:28:07","date_gmt":"2020-01-07T15:28:07","guid":{"rendered":"https:\/\/www.plumprops.com\/?product=niebieskie-rzezbione-%c5%82ozeczko"},"modified":"2022-08-03T22:14:04","modified_gmt":"2022-08-03T22:14:04","slug":"retro-mini-lozeczko","status":"publish","type":"product","link":"https:\/\/www.plumprops.com\/pl\/lozeczka-drewniane\/retro-mini-lozeczko\/","title":{"rendered":"Retro mini \u0142\u00f3\u017ceczko"},"content":{"rendered":"","protected":false},"excerpt":{"rendered":"<p>\u0141\u00f3\u017cko drewniane z rattanem. Pozwala na u\u0142o\u017cenie malucha na wiele r\u00f3\u017cnych sposob\u00f3w.<\/p>\n","protected":false},"featured_media":12674,"comment_status":"open","ping_status":"closed","template":"","meta":[],"yoast_head":"<!-- This site is optimized with the Yoast SEO plugin v16.0.2 - https:\/\/yoast.com\/wordpress\/plugins\/seo\/ -->\n<title>Retro mini \u0142\u00f3\u017ceczko - Newborn Photography Props<\/title>\n<link rel=\"canonical\" href=\"https:\/\/www.plumprops.com\/pl\/lozeczka-drewniane\/retro-mini-lozeczko\/\" \/>\n<meta property=\"og:locale\" content=\"pl_PL\" \/>\n<meta property=\"og:type\" content=\"article\" \/>\n<meta property=\"og:title\" content=\"Retro mini \u0142\u00f3\u017ceczko - Newborn Photography Props\" \/>\n<meta property=\"og:description\" content=\"\u0141\u00f3\u017cko drewniane z rattanem. Pozwala na u\u0142o\u017cenie malucha na wiele r\u00f3\u017cnych sposob\u00f3w.\" \/>\n<meta property=\"og:url\" content=\"https:\/\/www.plumprops.com\/pl\/lozeczka-drewniane\/retro-mini-lozeczko\/\" \/>\n<meta property=\"og:site_name\" content=\"Newborn Photography Props\" \/>\n<meta property=\"article:modified_time\" content=\"2022-08-03T22:14:04+00:00\" \/>\n<meta property=\"og:image\" content=\"https:\/\/www.plumprops.com\/wp-content\/uploads\/2020\/01\/DSC_5500.jpg\" \/>\n\t<meta property=\"og:image:width\" content=\"1400\" \/>\n\t<meta property=\"og:image:height\" content=\"935\" \/>\n<meta name=\"twitter:card\" content=\"summary_large_image\" \/>\n<script type=\"application\/ld+json\" class=\"yoast-schema-graph\">{\"@context\":\"https:\/\/schema.org\",\"@graph\":[{\"@type\":\"WebSite\",\"@id\":\"https:\/\/www.plumprops.com\/#website\",\"url\":\"https:\/\/www.plumprops.com\/\",\"name\":\"Newborn Photography Props\",\"description\":\"\",\"potentialAction\":[{\"@type\":\"SearchAction\",\"target\":\"https:\/\/www.plumprops.com\/?s={search_term_string}\",\"query-input\":\"required name=search_term_string\"}],\"inLanguage\":\"pl-PL\"},{\"@type\":\"ImageObject\",\"@id\":\"https:\/\/www.plumprops.com\/pl\/lozeczka-drewniane\/retro-mini-lozeczko\/#primaryimage\",\"inLanguage\":\"pl-PL\",\"url\":\"https:\/\/www.plumprops.com\/wp-content\/uploads\/2020\/01\/DSC_5500.jpg\",\"width\":1400,\"height\":935},{\"@type\":\"WebPage\",\"@id\":\"https:\/\/www.plumprops.com\/pl\/lozeczka-drewniane\/retro-mini-lozeczko\/#webpage\",\"url\":\"https:\/\/www.plumprops.com\/pl\/lozeczka-drewniane\/retro-mini-lozeczko\/\",\"name\":\"Retro mini \\u0142\\u00f3\\u017ceczko - Newborn Photography Props\",\"isPartOf\":{\"@id\":\"https:\/\/www.plumprops.com\/#website\"},\"primaryImageOfPage\":{\"@id\":\"https:\/\/www.plumprops.com\/pl\/lozeczka-drewniane\/retro-mini-lozeczko\/#primaryimage\"},\"datePublished\":\"2020-01-07T15:28:07+00:00\",\"dateModified\":\"2022-08-03T22:14:04+00:00\",\"breadcrumb\":{\"@id\":\"https:\/\/www.plumprops.com\/pl\/lozeczka-drewniane\/retro-mini-lozeczko\/#breadcrumb\"},\"inLanguage\":\"pl-PL\",\"potentialAction\":[{\"@type\":\"ReadAction\",\"target\":[\"https:\/\/www.plumprops.com\/pl\/lozeczka-drewniane\/retro-mini-lozeczko\/\"]}]},{\"@type\":\"BreadcrumbList\",\"@id\":\"https:\/\/www.plumprops.com\/pl\/lozeczka-drewniane\/retro-mini-lozeczko\/#breadcrumb\",\"itemListElement\":[{\"@type\":\"ListItem\",\"position\":1,\"item\":{\"@type\":\"WebPage\",\"@id\":\"https:\/\/www.plumprops.com\/pl\/\",\"url\":\"https:\/\/www.plumprops.com\/pl\/\",\"name\":\"Home\"}},{\"@type\":\"ListItem\",\"position\":2,\"item\":{\"@type\":\"WebPage\",\"@id\":\"https:\/\/www.plumprops.com\/pl\/sklep\/\",\"url\":\"https:\/\/www.plumprops.com\/pl\/sklep\/\",\"name\":\"Sklep\"}},{\"@type\":\"ListItem\",\"position\":3,\"item\":{\"@type\":\"WebPage\",\"@id\":\"https:\/\/www.plumprops.com\/pl\/lozeczka-drewniane\/retro-mini-lozeczko\/\",\"url\":\"https:\/\/www.plumprops.com\/pl\/lozeczka-drewniane\/retro-mini-lozeczko\/\",\"name\":\"Retro mini \\u0142\\u00f3\\u017ceczko\"}}]}]}<\/script>\n<!-- \/ Yoast SEO plugin. -->","_links":{"self":[{"href":"https:\/\/www.plumprops.com\/pl\/wp-json\/wp\/v2\/product\/9588"}],"collection":[{"href":"https:\/\/www.plumprops.com\/pl\/wp-json\/wp\/v2\/product"}],"about":[{"href":"https:\/\/www.plumprops.com\/pl\/wp-json\/wp\/v2\/types\/product"}],"replies":[{"embeddable":true,"href":"https:\/\/www.plumprops.com\/pl\/wp-json\/wp\/v2\/comments?post=9588"}],"version-history":[{"count":0,"href":"https:\/\/www.plumprops.com\/pl\/wp-json\/wp\/v2\/product\/9588\/revisions"}],"wp:featuredmedia":[{"embeddable":true,"href":"https:\/\/www.plumprops.com\/pl\/wp-json\/wp\/v2\/media\/12674"}],"wp:attachment":[{"href":"https:\/\/www.plumprops.com\/pl\/wp-json\/wp\/v2\/media?parent=9588"}],"curies":[{"name":"wp","href":"https:\/\/api.w.org\/{rel}","templated":true}]}}