{"id":9664,"date":"2020-01-10T13:59:00","date_gmt":"2020-01-10T13:59:00","guid":{"rendered":"https:\/\/www.plumprops.com\/?product=kwadratowa-skrzynka-zielen"},"modified":"2022-08-19T00:23:20","modified_gmt":"2022-08-19T00:23:20","slug":"kwadratowa-skrzynka-rozne-kolory","status":"publish","type":"product","link":"https:\/\/www.plumprops.com\/pl\/skrzynki-drewniane\/kwadratowa-skrzynka-rozne-kolory\/","title":{"rendered":"Kwadratowa skrzynka &#8211; r\u00f3\u017cne kolory"},"content":{"rendered":"<p>Prostok\u0105tna, drewniana skrzynka to jeden z tych rekwizyt\u00f3w do sesji zdj\u0119ciowych noworodkowych i niemowl\u0119cych, kt\u00f3ry powinien znale\u017a\u0107 si\u0119 w studiu ka\u017cdego fotografa. Mo\u017ce by\u0107 on r\u00f3wnie\u017c wykorzystany przez amator\u00f3w, kt\u00f3rzy dopiero stawiaj\u0105 swoje pierwsze kroki w tego typu fotografii i pragn\u0105 zbudowa\u0107 portfolio, zgodne z najnowszymi trendami i atrakcyjne dla przysz\u0142ych Klient\u00f3w. Skrzynka posiada uniwersalny kszta\u0142t i stylizowana jest na postarzan\u0105, co znacznie podnosi jej walory estetyczne i wyr\u00f3\u017cnia j\u0105 na tle konkurencji.<\/p>\n<p>Ma\u0142a skrzynka do sesji noworodkowych i niemowl\u0119cych mo\u017ce by\u0107 wykorzystana r\u00f3wnie\u017c podczas sesji nieco starszych, ju\u017c samodzielnie siedz\u0105cych dzieci. Zapewni im ona komfort i poczucie bezpiecze\u0144stwa. Fotografowie z pewno\u015bci\u0105 doceni\u0105 fakt, \u017ce produkt zapewnia wiele mo\u017cliwo\u015bci w kwestii pozycjonowania malucha. Klasyczny design skrzynki sprawia, \u017ce jest ona uniwersalna i mo\u017ce zosta\u0107 zestawiona z r\u00f3\u017cnorodnymi dodatkami, akcentami i elementami, zale\u017cnie od wizji, pomys\u0142u i potrzeb osoby wykonuj\u0105cej zdj\u0119cie i buduj\u0105cej scenografi\u0119. Jej naturalny kolor pozwala na du\u017c\u0105 swobod\u0119 podczas wyboru takich element\u00f3w jak kocyki, owijki, opaski czy inne gad\u017cety.<\/p>\n<p>Skrzynka drewniana o prostok\u0105tnym kszta\u0142cie przygotowana zosta\u0142a r\u0119cznie, w oparciu o projekt pochodz\u0105cy od profesjonalnego fotografa. Sprawia to, \u017ce \u015bwietnie prezentuje si\u0119 ona niezale\u017cnie od o\u015bwietlenia czy k\u0105ta fotografowania. Ten wyj\u0105tkowy rekwizyt fotograficzny poza swoim podstawowym zastosowaniem, mo\u017ce sta\u0107 si\u0119 r\u00f3wnie\u017c warto\u015bciowym elementem dekoracji przestrzeni domowej, doniczk\u0105 na wiosenne kwiaty czy trafionym prezentem na kinderparty.<\/p>\n<p>Zdj\u0119cie produktowe znajduj\u0105ce si\u0119 na stronie internetowej naszego sklepu zosta\u0142o poddane obr\u00f3bce graficznej. Skrzynka wykonana jest \u017ce szczotkowanych desek, kt\u00f3re stylizowane s\u0105 na postarzane, przez co nale\u017cy unika\u0107 bezpo\u015bredniego kontaktu dziecka z produktem.<\/p>\n<p>Uwaga. Nasze skrzynki wykonane s\u0105 ze szczotkowanych desek, stylizowanych na postarzane.\u00a0 Nale\u017cy unika\u0107 bezpo\u015bredniego kontaktu maluszka z produktem.<\/p>\n","protected":false},"excerpt":{"rendered":"<p>Skrzynka to jeden z podstawowych element\u00f3w jaki powinien znale\u017a\u0107 si\u0119 w studio ka\u017cdego fotografa. Skrzynki daj\u0105 bardzo du\u017co mo\u017cliwo\u015bci pozycjonowania noworodk\u00f3w, dzi\u0119ki czemu jeden gad\u017cet mo\u017ce zosta\u0107 wykorzystany na wiele sposob\u00f3w.<\/p>\n<p>Skrzynka swobodnie zmie\u015bci nie tylko noworodka, ale tak\u017ce siedz\u0105cego niemowlaka.<\/p>\n<p>Naturalne kolory pozwalaj\u0105 na wi\u0119ksz\u0105 swobod\u0119 w doborze pozosta\u0142ych element\u00f3w scenografii.<\/p>\n<p>Wymiary: szer. 34 cm x d\u0142. 34 cm x wys.14 cm<\/p>\n","protected":false},"featured_media":17740,"comment_status":"open","ping_status":"closed","template":"","meta":[],"yoast_head":"<!-- This site is optimized with the Yoast SEO plugin v16.0.2 - https:\/\/yoast.com\/wordpress\/plugins\/seo\/ -->\n<title>Drewniane kwadratowa skrzynka<\/title>\n<meta name=\"description\" content=\"Bia\u0142a, drewniana kwadratowa skrzynka do fotografii noworodkowej\" \/>\n<link rel=\"canonical\" href=\"https:\/\/www.plumprops.com\/pl\/skrzynki-drewniane\/kwadratowa-skrzynka-rozne-kolory\/\" \/>\n<meta property=\"og:locale\" content=\"pl_PL\" \/>\n<meta property=\"og:type\" content=\"article\" \/>\n<meta property=\"og:title\" content=\"Drewniane kwadratowa skrzynka\" \/>\n<meta property=\"og:description\" content=\"Bia\u0142a, drewniana kwadratowa skrzynka do fotografii noworodkowej\" \/>\n<meta property=\"og:url\" content=\"https:\/\/www.plumprops.com\/pl\/skrzynki-drewniane\/kwadratowa-skrzynka-rozne-kolory\/\" \/>\n<meta property=\"og:site_name\" content=\"Newborn Photography Props\" \/>\n<meta property=\"article:modified_time\" content=\"2022-08-19T00:23:20+00:00\" \/>\n<meta property=\"og:image\" content=\"https:\/\/www.plumprops.com\/wp-content\/uploads\/2020\/06\/3088.jpg\" \/>\n\t<meta property=\"og:image:width\" content=\"1400\" \/>\n\t<meta property=\"og:image:height\" content=\"927\" \/>\n<meta name=\"twitter:card\" content=\"summary_large_image\" \/>\n<meta name=\"twitter:label1\" content=\"Szacowany czas czytania\">\n\t<meta name=\"twitter:data1\" content=\"2 minuty\">\n<script type=\"application\/ld+json\" class=\"yoast-schema-graph\">{\"@context\":\"https:\/\/schema.org\",\"@graph\":[{\"@type\":\"WebSite\",\"@id\":\"https:\/\/www.plumprops.com\/#website\",\"url\":\"https:\/\/www.plumprops.com\/\",\"name\":\"Newborn Photography Props\",\"description\":\"\",\"potentialAction\":[{\"@type\":\"SearchAction\",\"target\":\"https:\/\/www.plumprops.com\/?s={search_term_string}\",\"query-input\":\"required name=search_term_string\"}],\"inLanguage\":\"pl-PL\"},{\"@type\":\"ImageObject\",\"@id\":\"https:\/\/www.plumprops.com\/pl\/skrzynki-drewniane\/kwadratowa-skrzynka-rozne-kolory\/#primaryimage\",\"inLanguage\":\"pl-PL\",\"url\":\"https:\/\/www.plumprops.com\/wp-content\/uploads\/2020\/06\/3061.jpg\",\"width\":1400,\"height\":927},{\"@type\":\"WebPage\",\"@id\":\"https:\/\/www.plumprops.com\/pl\/skrzynki-drewniane\/kwadratowa-skrzynka-rozne-kolory\/#webpage\",\"url\":\"https:\/\/www.plumprops.com\/pl\/skrzynki-drewniane\/kwadratowa-skrzynka-rozne-kolory\/\",\"name\":\"Drewniane kwadratowa skrzynka\",\"isPartOf\":{\"@id\":\"https:\/\/www.plumprops.com\/#website\"},\"primaryImageOfPage\":{\"@id\":\"https:\/\/www.plumprops.com\/pl\/skrzynki-drewniane\/kwadratowa-skrzynka-rozne-kolory\/#primaryimage\"},\"datePublished\":\"2020-01-10T13:59:00+00:00\",\"dateModified\":\"2022-08-19T00:23:20+00:00\",\"description\":\"Bia\\u0142a, drewniana kwadratowa skrzynka do fotografii noworodkowej\",\"breadcrumb\":{\"@id\":\"https:\/\/www.plumprops.com\/pl\/skrzynki-drewniane\/kwadratowa-skrzynka-rozne-kolory\/#breadcrumb\"},\"inLanguage\":\"pl-PL\",\"potentialAction\":[{\"@type\":\"ReadAction\",\"target\":[\"https:\/\/www.plumprops.com\/pl\/skrzynki-drewniane\/kwadratowa-skrzynka-rozne-kolory\/\"]}]},{\"@type\":\"BreadcrumbList\",\"@id\":\"https:\/\/www.plumprops.com\/pl\/skrzynki-drewniane\/kwadratowa-skrzynka-rozne-kolory\/#breadcrumb\",\"itemListElement\":[{\"@type\":\"ListItem\",\"position\":1,\"item\":{\"@type\":\"WebPage\",\"@id\":\"https:\/\/www.plumprops.com\/pl\/\",\"url\":\"https:\/\/www.plumprops.com\/pl\/\",\"name\":\"Home\"}},{\"@type\":\"ListItem\",\"position\":2,\"item\":{\"@type\":\"WebPage\",\"@id\":\"https:\/\/www.plumprops.com\/pl\/sklep\/\",\"url\":\"https:\/\/www.plumprops.com\/pl\/sklep\/\",\"name\":\"Sklep\"}},{\"@type\":\"ListItem\",\"position\":3,\"item\":{\"@type\":\"WebPage\",\"@id\":\"https:\/\/www.plumprops.com\/pl\/skrzynki-drewniane\/kwadratowa-skrzynka-rozne-kolory\/\",\"url\":\"https:\/\/www.plumprops.com\/pl\/skrzynki-drewniane\/kwadratowa-skrzynka-rozne-kolory\/\",\"name\":\"Kwadratowa skrzynka &#8211; r\\u00f3\\u017cne kolory\"}}]}]}<\/script>\n<!-- \/ Yoast SEO plugin. -->","_links":{"self":[{"href":"https:\/\/www.plumprops.com\/pl\/wp-json\/wp\/v2\/product\/9664"}],"collection":[{"href":"https:\/\/www.plumprops.com\/pl\/wp-json\/wp\/v2\/product"}],"about":[{"href":"https:\/\/www.plumprops.com\/pl\/wp-json\/wp\/v2\/types\/product"}],"replies":[{"embeddable":true,"href":"https:\/\/www.plumprops.com\/pl\/wp-json\/wp\/v2\/comments?post=9664"}],"version-history":[{"count":0,"href":"https:\/\/www.plumprops.com\/pl\/wp-json\/wp\/v2\/product\/9664\/revisions"}],"wp:featuredmedia":[{"embeddable":true,"href":"https:\/\/www.plumprops.com\/pl\/wp-json\/wp\/v2\/media\/17740"}],"wp:attachment":[{"href":"https:\/\/www.plumprops.com\/pl\/wp-json\/wp\/v2\/media?parent=9664"}],"curies":[{"name":"wp","href":"https:\/\/api.w.org\/{rel}","templated":true}]}}