{"id":9717,"date":"2020-01-10T14:47:53","date_gmt":"2020-01-10T14:47:53","guid":{"rendered":"https:\/\/www.plumprops.com\/?product=copy-of-bia%c5%82a-%c5%82aweczka-z-ksiezycem"},"modified":"2020-10-26T17:04:53","modified_gmt":"2020-10-26T17:04:53","slug":"prosta-drewniana-sofa","status":"publish","type":"product","link":"https:\/\/www.plumprops.com\/pl\/lozeczka-drewniane\/prosta-drewniana-sofa\/","title":{"rendered":"Prosta drewniana sofa"},"content":{"rendered":"","protected":false},"excerpt":{"rendered":"<p>Drewniana mini sofka do sesji noworodkowych.<\/p>\n<p>Wymiary siedziska: 30 cm x 23 cm, wysoko\u015b\u0107 10 Zewn\u0119trzne d\u0142 38 cm x g\u0142eboko\u015b\u0107. 25 cm x wys. 32,5 cm. Kolor: bia\u0142y<\/p>\n<p>&nbsp;<\/p>\n","protected":false},"featured_media":21775,"comment_status":"open","ping_status":"closed","template":"","meta":[],"yoast_head":"<!-- This site is optimized with the Yoast SEO plugin v16.0.2 - https:\/\/yoast.com\/wordpress\/plugins\/seo\/ -->\n<title>\u017b\u00f3\u0142te \u0142\u00f3\u017ceczko z ksi\u0119\u017cycami - gad\u017cety do sesji noworodkowej<\/title>\n<meta name=\"description\" content=\"Drewniane \u0142\u00f3\u017ceczko z wyci\u0119tym ksi\u0119\u017cycem na wezg\u0142owiu oraz wypuk\u0142ym ksi\u0119\u017cycem na przodzie \u0142\u00f3\u017ceczka. \u0141\u00f3\u017ceczko wykonane jest r\u0119cznie. Stylizowane na postarzane.\" \/>\n<link rel=\"canonical\" href=\"https:\/\/www.plumprops.com\/pl\/lozeczka-drewniane\/prosta-drewniana-sofa\/\" \/>\n<meta property=\"og:locale\" content=\"pl_PL\" \/>\n<meta property=\"og:type\" content=\"article\" \/>\n<meta property=\"og:title\" content=\"\u017b\u00f3\u0142te \u0142\u00f3\u017ceczko z ksi\u0119\u017cycami - gad\u017cety do sesji noworodkowej\" \/>\n<meta property=\"og:description\" content=\"Drewniane \u0142\u00f3\u017ceczko z wyci\u0119tym ksi\u0119\u017cycem na wezg\u0142owiu oraz wypuk\u0142ym ksi\u0119\u017cycem na przodzie \u0142\u00f3\u017ceczka. \u0141\u00f3\u017ceczko wykonane jest r\u0119cznie. Stylizowane na postarzane.\" \/>\n<meta property=\"og:url\" content=\"https:\/\/www.plumprops.com\/pl\/lozeczka-drewniane\/prosta-drewniana-sofa\/\" \/>\n<meta property=\"og:site_name\" content=\"Newborn Photography Props\" \/>\n<meta property=\"article:modified_time\" content=\"2020-10-26T17:04:53+00:00\" \/>\n<meta property=\"og:image\" content=\"https:\/\/www.plumprops.com\/wp-content\/uploads\/2020\/01\/laweczkaplumprops07.jpg\" \/>\n\t<meta property=\"og:image:width\" content=\"1400\" \/>\n\t<meta property=\"og:image:height\" content=\"927\" \/>\n<meta name=\"twitter:card\" content=\"summary_large_image\" \/>\n<script type=\"application\/ld+json\" class=\"yoast-schema-graph\">{\"@context\":\"https:\/\/schema.org\",\"@graph\":[{\"@type\":\"WebSite\",\"@id\":\"https:\/\/www.plumprops.com\/#website\",\"url\":\"https:\/\/www.plumprops.com\/\",\"name\":\"Newborn Photography Props\",\"description\":\"\",\"potentialAction\":[{\"@type\":\"SearchAction\",\"target\":\"https:\/\/www.plumprops.com\/?s={search_term_string}\",\"query-input\":\"required name=search_term_string\"}],\"inLanguage\":\"pl-PL\"},{\"@type\":\"ImageObject\",\"@id\":\"https:\/\/www.plumprops.com\/pl\/lozeczka-drewniane\/prosta-drewniana-sofa\/#primaryimage\",\"inLanguage\":\"pl-PL\",\"url\":\"https:\/\/www.plumprops.com\/wp-content\/uploads\/2020\/01\/dsc_2451.jpg\",\"width\":1800,\"height\":1202},{\"@type\":\"WebPage\",\"@id\":\"https:\/\/www.plumprops.com\/pl\/lozeczka-drewniane\/prosta-drewniana-sofa\/#webpage\",\"url\":\"https:\/\/www.plumprops.com\/pl\/lozeczka-drewniane\/prosta-drewniana-sofa\/\",\"name\":\"\\u017b\\u00f3\\u0142te \\u0142\\u00f3\\u017ceczko z ksi\\u0119\\u017cycami - gad\\u017cety do sesji noworodkowej\",\"isPartOf\":{\"@id\":\"https:\/\/www.plumprops.com\/#website\"},\"primaryImageOfPage\":{\"@id\":\"https:\/\/www.plumprops.com\/pl\/lozeczka-drewniane\/prosta-drewniana-sofa\/#primaryimage\"},\"datePublished\":\"2020-01-10T14:47:53+00:00\",\"dateModified\":\"2020-10-26T17:04:53+00:00\",\"description\":\"Drewniane \\u0142\\u00f3\\u017ceczko z wyci\\u0119tym ksi\\u0119\\u017cycem na wezg\\u0142owiu oraz wypuk\\u0142ym ksi\\u0119\\u017cycem na przodzie \\u0142\\u00f3\\u017ceczka. \\u0141\\u00f3\\u017ceczko wykonane jest r\\u0119cznie. Stylizowane na postarzane.\",\"breadcrumb\":{\"@id\":\"https:\/\/www.plumprops.com\/pl\/lozeczka-drewniane\/prosta-drewniana-sofa\/#breadcrumb\"},\"inLanguage\":\"pl-PL\",\"potentialAction\":[{\"@type\":\"ReadAction\",\"target\":[\"https:\/\/www.plumprops.com\/pl\/lozeczka-drewniane\/prosta-drewniana-sofa\/\"]}]},{\"@type\":\"BreadcrumbList\",\"@id\":\"https:\/\/www.plumprops.com\/pl\/lozeczka-drewniane\/prosta-drewniana-sofa\/#breadcrumb\",\"itemListElement\":[{\"@type\":\"ListItem\",\"position\":1,\"item\":{\"@type\":\"WebPage\",\"@id\":\"https:\/\/www.plumprops.com\/pl\/\",\"url\":\"https:\/\/www.plumprops.com\/pl\/\",\"name\":\"Home\"}},{\"@type\":\"ListItem\",\"position\":2,\"item\":{\"@type\":\"WebPage\",\"@id\":\"https:\/\/www.plumprops.com\/pl\/sklep\/\",\"url\":\"https:\/\/www.plumprops.com\/pl\/sklep\/\",\"name\":\"Sklep\"}},{\"@type\":\"ListItem\",\"position\":3,\"item\":{\"@type\":\"WebPage\",\"@id\":\"https:\/\/www.plumprops.com\/pl\/lozeczka-drewniane\/prosta-drewniana-sofa\/\",\"url\":\"https:\/\/www.plumprops.com\/pl\/lozeczka-drewniane\/prosta-drewniana-sofa\/\",\"name\":\"Prosta drewniana sofa\"}}]}]}<\/script>\n<!-- \/ Yoast SEO plugin. -->","_links":{"self":[{"href":"https:\/\/www.plumprops.com\/pl\/wp-json\/wp\/v2\/product\/9717"}],"collection":[{"href":"https:\/\/www.plumprops.com\/pl\/wp-json\/wp\/v2\/product"}],"about":[{"href":"https:\/\/www.plumprops.com\/pl\/wp-json\/wp\/v2\/types\/product"}],"replies":[{"embeddable":true,"href":"https:\/\/www.plumprops.com\/pl\/wp-json\/wp\/v2\/comments?post=9717"}],"version-history":[{"count":0,"href":"https:\/\/www.plumprops.com\/pl\/wp-json\/wp\/v2\/product\/9717\/revisions"}],"wp:featuredmedia":[{"embeddable":true,"href":"https:\/\/www.plumprops.com\/pl\/wp-json\/wp\/v2\/media\/21775"}],"wp:attachment":[{"href":"https:\/\/www.plumprops.com\/pl\/wp-json\/wp\/v2\/media?parent=9717"}],"curies":[{"name":"wp","href":"https:\/\/api.w.org\/{rel}","templated":true}]}}