{"id":9847,"date":"2020-02-19T15:50:01","date_gmt":"2020-02-19T15:50:01","guid":{"rendered":"https:\/\/www.plumprops.com\/?product=bonetka-pompon-b%c5%82ekitna-mg%c5%82a"},"modified":"2020-10-26T20:44:40","modified_gmt":"2020-10-26T20:44:40","slug":"bonetka-pompon","status":"publish","type":"product","link":"https:\/\/www.plumprops.com\/pl\/czapeczki\/bonetka-pompon\/","title":{"rendered":"Bonetka pompon"},"content":{"rendered":"<p>Hairy\u00a0hat (mohair style) is made from soft and luxurious yarn\u00a0&#8211; the composition\u00a0of\u00a0superfine alpaca and merino wool.<\/p>\n<p>Light and\u00a0soft &#8211; perfect for delicate newborn skin.<\/p>\n<p>Size: newborn<\/p>\n<p><img src=\"https:\/\/www.garnstudio.com\/img\/shademap\/Melody\/wash.jpg\" alt=\"wash.jpg\" \/><\/p>\n<p>Gently hand wash, max. 30 \u00b0 C, dry, flat<\/p>\n","protected":false},"excerpt":{"rendered":"<p>Czapeczka dla noworodka z pomponem, wykonana z subtelnej w\u0142\u00f3czki z alpaki i we\u0142ny merynos\u00f3w, o wygl\u0105dzie moheru.<\/p>\n","protected":false},"featured_media":13434,"comment_status":"open","ping_status":"closed","template":"","meta":[],"yoast_head":"<!-- This site is optimized with the Yoast SEO plugin v16.0.2 - https:\/\/yoast.com\/wordpress\/plugins\/seo\/ -->\n<title>Bonetka pompon - Newborn Photography Props<\/title>\n<link rel=\"canonical\" href=\"https:\/\/www.plumprops.com\/pl\/czapeczki\/bonetka-pompon\/\" \/>\n<meta property=\"og:locale\" content=\"pl_PL\" \/>\n<meta property=\"og:type\" content=\"article\" \/>\n<meta property=\"og:title\" content=\"Bonetka pompon - Newborn Photography Props\" \/>\n<meta property=\"og:description\" content=\"Czapeczka dla noworodka z pomponem, wykonana z subtelnej w\u0142\u00f3czki z alpaki i we\u0142ny merynos\u00f3w, o wygl\u0105dzie moheru.\" \/>\n<meta property=\"og:url\" content=\"https:\/\/www.plumprops.com\/pl\/czapeczki\/bonetka-pompon\/\" \/>\n<meta property=\"og:site_name\" content=\"Newborn Photography Props\" \/>\n<meta property=\"article:modified_time\" content=\"2020-10-26T20:44:40+00:00\" \/>\n<meta property=\"og:image\" content=\"https:\/\/www.plumprops.com\/wp-content\/uploads\/2020\/02\/POM-POM-HATS-59_1.jpg\" \/>\n\t<meta property=\"og:image:width\" content=\"1400\" \/>\n\t<meta property=\"og:image:height\" content=\"927\" \/>\n<meta name=\"twitter:card\" content=\"summary_large_image\" \/>\n<script type=\"application\/ld+json\" class=\"yoast-schema-graph\">{\"@context\":\"https:\/\/schema.org\",\"@graph\":[{\"@type\":\"WebSite\",\"@id\":\"https:\/\/www.plumprops.com\/#website\",\"url\":\"https:\/\/www.plumprops.com\/\",\"name\":\"Newborn Photography Props\",\"description\":\"\",\"potentialAction\":[{\"@type\":\"SearchAction\",\"target\":\"https:\/\/www.plumprops.com\/?s={search_term_string}\",\"query-input\":\"required name=search_term_string\"}],\"inLanguage\":\"pl-PL\"},{\"@type\":\"ImageObject\",\"@id\":\"https:\/\/www.plumprops.com\/pl\/czapeczki\/bonetka-pompon\/#primaryimage\",\"inLanguage\":\"pl-PL\",\"url\":\"https:\/\/www.plumprops.com\/wp-content\/uploads\/2020\/02\/POM-POM-HATS-59_1.jpg\",\"width\":1400,\"height\":927},{\"@type\":\"WebPage\",\"@id\":\"https:\/\/www.plumprops.com\/pl\/czapeczki\/bonetka-pompon\/#webpage\",\"url\":\"https:\/\/www.plumprops.com\/pl\/czapeczki\/bonetka-pompon\/\",\"name\":\"Bonetka pompon - Newborn Photography Props\",\"isPartOf\":{\"@id\":\"https:\/\/www.plumprops.com\/#website\"},\"primaryImageOfPage\":{\"@id\":\"https:\/\/www.plumprops.com\/pl\/czapeczki\/bonetka-pompon\/#primaryimage\"},\"datePublished\":\"2020-02-19T15:50:01+00:00\",\"dateModified\":\"2020-10-26T20:44:40+00:00\",\"breadcrumb\":{\"@id\":\"https:\/\/www.plumprops.com\/pl\/czapeczki\/bonetka-pompon\/#breadcrumb\"},\"inLanguage\":\"pl-PL\",\"potentialAction\":[{\"@type\":\"ReadAction\",\"target\":[\"https:\/\/www.plumprops.com\/pl\/czapeczki\/bonetka-pompon\/\"]}]},{\"@type\":\"BreadcrumbList\",\"@id\":\"https:\/\/www.plumprops.com\/pl\/czapeczki\/bonetka-pompon\/#breadcrumb\",\"itemListElement\":[{\"@type\":\"ListItem\",\"position\":1,\"item\":{\"@type\":\"WebPage\",\"@id\":\"https:\/\/www.plumprops.com\/pl\/\",\"url\":\"https:\/\/www.plumprops.com\/pl\/\",\"name\":\"Home\"}},{\"@type\":\"ListItem\",\"position\":2,\"item\":{\"@type\":\"WebPage\",\"@id\":\"https:\/\/www.plumprops.com\/pl\/sklep\/\",\"url\":\"https:\/\/www.plumprops.com\/pl\/sklep\/\",\"name\":\"Sklep\"}},{\"@type\":\"ListItem\",\"position\":3,\"item\":{\"@type\":\"WebPage\",\"@id\":\"https:\/\/www.plumprops.com\/pl\/czapeczki\/bonetka-pompon\/\",\"url\":\"https:\/\/www.plumprops.com\/pl\/czapeczki\/bonetka-pompon\/\",\"name\":\"Bonetka pompon\"}}]}]}<\/script>\n<!-- \/ Yoast SEO plugin. -->","_links":{"self":[{"href":"https:\/\/www.plumprops.com\/pl\/wp-json\/wp\/v2\/product\/9847"}],"collection":[{"href":"https:\/\/www.plumprops.com\/pl\/wp-json\/wp\/v2\/product"}],"about":[{"href":"https:\/\/www.plumprops.com\/pl\/wp-json\/wp\/v2\/types\/product"}],"replies":[{"embeddable":true,"href":"https:\/\/www.plumprops.com\/pl\/wp-json\/wp\/v2\/comments?post=9847"}],"version-history":[{"count":0,"href":"https:\/\/www.plumprops.com\/pl\/wp-json\/wp\/v2\/product\/9847\/revisions"}],"wp:featuredmedia":[{"embeddable":true,"href":"https:\/\/www.plumprops.com\/pl\/wp-json\/wp\/v2\/media\/13434"}],"wp:attachment":[{"href":"https:\/\/www.plumprops.com\/pl\/wp-json\/wp\/v2\/media?parent=9847"}],"curies":[{"name":"wp","href":"https:\/\/api.w.org\/{rel}","templated":true}]}}