{"id":9876,"date":"2020-02-19T17:52:20","date_gmt":"2020-02-19T17:52:20","guid":{"rendered":"https:\/\/www.plumprops.com\/?product=w%c5%82ochata-czapeczka-rudy"},"modified":"2024-04-03T13:24:48","modified_gmt":"2024-04-03T13:24:48","slug":"wlochata-czapeczka","status":"publish","type":"product","link":"https:\/\/www.plumprops.com\/pl\/czapeczki\/wlochata-czapeczka\/","title":{"rendered":"W\u0142ochata czapeczka"},"content":{"rendered":"<p>Hairy\u00a0hat (mohair style) is made from soft and luxurious yarn\u00a0&#8211; the composition\u00a0of\u00a0superfine alpaca and merino wool.<\/p>\n<p>Light and\u00a0soft &#8211; perfect for delicate newborn skin.<\/p>\n<p>Rozmiar: noworodek<\/p>\n<p><img src=\"https:\/\/www.garnstudio.com\/img\/shademap\/Melody\/wash.jpg\" alt=\"wash.jpg\" \/><\/p>\n<p><span class=\"tlid-translation translation\" lang=\"pl\"><span title=\"\">Delikatnie pra\u0107 r\u0119cznie, max.<\/span> <span class=\"\" title=\"\">30 \u00b0 C, suszy\u0107 na p\u0142asko<br \/>\n<\/span><\/span><\/p>\n","protected":false},"excerpt":{"rendered":"<p><span class=\"tlid-translation translation\" lang=\"pl\"><span class=\"\" title=\"\">Puszysta czapka noworodkowa, wykonana z wysokiej jako\u015bci we\u0142ny.<\/span> <span class=\"\" title=\"\">Jest niezwykle przyjemny w dotyku, nie gryzie.<\/span> <span class=\"\" title=\"\">Doskona\u0142y dla delikatnej sk\u00f3ry dziecka.<\/span> <span class=\"\" title=\"\">Must have w ka\u017cdym noworodkowym studiu fotograficznym.<\/span><\/span><\/p>\n","protected":false},"featured_media":9869,"comment_status":"open","ping_status":"closed","template":"","meta":[],"yoast_head":"<!-- This site is optimized with the Yoast SEO plugin v16.0.2 - https:\/\/yoast.com\/wordpress\/plugins\/seo\/ -->\n<title>W\u0142ochata czapeczka - Newborn Photography Props<\/title>\n<link rel=\"canonical\" href=\"https:\/\/www.plumprops.com\/pl\/czapeczki\/wlochata-czapeczka\/\" \/>\n<meta property=\"og:locale\" content=\"pl_PL\" \/>\n<meta property=\"og:type\" content=\"article\" \/>\n<meta property=\"og:title\" content=\"W\u0142ochata czapeczka - Newborn Photography Props\" \/>\n<meta property=\"og:description\" content=\"Puszysta czapka noworodkowa, wykonana z wysokiej jako\u015bci we\u0142ny. Jest niezwykle przyjemny w dotyku, nie gryzie. Doskona\u0142y dla delikatnej sk\u00f3ry dziecka. Must have w ka\u017cdym noworodkowym studiu fotograficznym.\" \/>\n<meta property=\"og:url\" content=\"https:\/\/www.plumprops.com\/pl\/czapeczki\/wlochata-czapeczka\/\" \/>\n<meta property=\"og:site_name\" content=\"Newborn Photography Props\" \/>\n<meta property=\"article:modified_time\" content=\"2024-04-03T13:24:48+00:00\" \/>\n<meta property=\"og:image\" content=\"https:\/\/www.plumprops.com\/wp-content\/uploads\/2020\/06\/3264.jpg\" \/>\n\t<meta property=\"og:image:width\" content=\"1400\" \/>\n\t<meta property=\"og:image:height\" content=\"927\" \/>\n<meta name=\"twitter:card\" content=\"summary_large_image\" \/>\n<script type=\"application\/ld+json\" class=\"yoast-schema-graph\">{\"@context\":\"https:\/\/schema.org\",\"@graph\":[{\"@type\":\"WebSite\",\"@id\":\"https:\/\/www.plumprops.com\/#website\",\"url\":\"https:\/\/www.plumprops.com\/\",\"name\":\"Newborn Photography Props\",\"description\":\"\",\"potentialAction\":[{\"@type\":\"SearchAction\",\"target\":\"https:\/\/www.plumprops.com\/?s={search_term_string}\",\"query-input\":\"required name=search_term_string\"}],\"inLanguage\":\"pl-PL\"},{\"@type\":\"ImageObject\",\"@id\":\"https:\/\/www.plumprops.com\/pl\/czapeczki\/wlochata-czapeczka\/#primaryimage\",\"inLanguage\":\"pl-PL\",\"url\":\"https:\/\/www.plumprops.com\/wp-content\/uploads\/2020\/06\/3264.jpg\",\"width\":1400,\"height\":927},{\"@type\":\"WebPage\",\"@id\":\"https:\/\/www.plumprops.com\/pl\/czapeczki\/wlochata-czapeczka\/#webpage\",\"url\":\"https:\/\/www.plumprops.com\/pl\/czapeczki\/wlochata-czapeczka\/\",\"name\":\"W\\u0142ochata czapeczka - Newborn Photography Props\",\"isPartOf\":{\"@id\":\"https:\/\/www.plumprops.com\/#website\"},\"primaryImageOfPage\":{\"@id\":\"https:\/\/www.plumprops.com\/pl\/czapeczki\/wlochata-czapeczka\/#primaryimage\"},\"datePublished\":\"2020-02-19T17:52:20+00:00\",\"dateModified\":\"2024-04-03T13:24:48+00:00\",\"breadcrumb\":{\"@id\":\"https:\/\/www.plumprops.com\/pl\/czapeczki\/wlochata-czapeczka\/#breadcrumb\"},\"inLanguage\":\"pl-PL\",\"potentialAction\":[{\"@type\":\"ReadAction\",\"target\":[\"https:\/\/www.plumprops.com\/pl\/czapeczki\/wlochata-czapeczka\/\"]}]},{\"@type\":\"BreadcrumbList\",\"@id\":\"https:\/\/www.plumprops.com\/pl\/czapeczki\/wlochata-czapeczka\/#breadcrumb\",\"itemListElement\":[{\"@type\":\"ListItem\",\"position\":1,\"item\":{\"@type\":\"WebPage\",\"@id\":\"https:\/\/www.plumprops.com\/pl\/\",\"url\":\"https:\/\/www.plumprops.com\/pl\/\",\"name\":\"Home\"}},{\"@type\":\"ListItem\",\"position\":2,\"item\":{\"@type\":\"WebPage\",\"@id\":\"https:\/\/www.plumprops.com\/pl\/sklep\/\",\"url\":\"https:\/\/www.plumprops.com\/pl\/sklep\/\",\"name\":\"Sklep\"}},{\"@type\":\"ListItem\",\"position\":3,\"item\":{\"@type\":\"WebPage\",\"@id\":\"https:\/\/www.plumprops.com\/pl\/czapeczki\/wlochata-czapeczka\/\",\"url\":\"https:\/\/www.plumprops.com\/pl\/czapeczki\/wlochata-czapeczka\/\",\"name\":\"W\\u0142ochata czapeczka\"}}]}]}<\/script>\n<!-- \/ Yoast SEO plugin. -->","_links":{"self":[{"href":"https:\/\/www.plumprops.com\/pl\/wp-json\/wp\/v2\/product\/9876"}],"collection":[{"href":"https:\/\/www.plumprops.com\/pl\/wp-json\/wp\/v2\/product"}],"about":[{"href":"https:\/\/www.plumprops.com\/pl\/wp-json\/wp\/v2\/types\/product"}],"replies":[{"embeddable":true,"href":"https:\/\/www.plumprops.com\/pl\/wp-json\/wp\/v2\/comments?post=9876"}],"version-history":[{"count":0,"href":"https:\/\/www.plumprops.com\/pl\/wp-json\/wp\/v2\/product\/9876\/revisions"}],"wp:featuredmedia":[{"embeddable":true,"href":"https:\/\/www.plumprops.com\/pl\/wp-json\/wp\/v2\/media\/9869"}],"wp:attachment":[{"href":"https:\/\/www.plumprops.com\/pl\/wp-json\/wp\/v2\/media?parent=9876"}],"curies":[{"name":"wp","href":"https:\/\/api.w.org\/{rel}","templated":true}]}}