{"id":9941,"date":"2020-02-19T20:27:23","date_gmt":"2020-02-19T20:27:23","guid":{"rendered":"https:\/\/www.plumprops.com\/?product=ubranko-do-sesji-szare"},"modified":"2025-06-01T00:13:03","modified_gmt":"2025-06-01T00:13:03","slug":"ubranko-welniane-do-sesji","status":"publish","type":"product","link":"https:\/\/www.plumprops.com\/pl\/ubranka\/ubranko-welniane-do-sesji\/","title":{"rendered":"Ubranko we\u0142niane do sesji"},"content":{"rendered":"","protected":false},"excerpt":{"rendered":"<p>Pi\u0119kne 2-cz\u0119\u015bciowe ubranko do fotografii noworodkowej.<\/p>\n<p>Zestaw sk\u0142ada si\u0119 z mi\u0119kkiej bonetki ozdobionej warkoczem i body z motywem warkocza na r\u0119kawie.<\/p>\n","protected":false},"featured_media":9934,"comment_status":"open","ping_status":"closed","template":"","meta":[],"yoast_head":"<!-- This site is optimized with the Yoast SEO plugin v16.0.2 - https:\/\/yoast.com\/wordpress\/plugins\/seo\/ -->\n<title>Ubranko we\u0142niane do sesji - Newborn Photography Props<\/title>\n<link rel=\"canonical\" href=\"https:\/\/www.plumprops.com\/pl\/ubranka\/ubranko-welniane-do-sesji\/\" \/>\n<meta property=\"og:locale\" content=\"pl_PL\" \/>\n<meta property=\"og:type\" content=\"article\" \/>\n<meta property=\"og:title\" content=\"Ubranko we\u0142niane do sesji - Newborn Photography Props\" \/>\n<meta property=\"og:description\" content=\"Pi\u0119kne 2-cz\u0119\u015bciowe ubranko do fotografii noworodkowej.  Zestaw sk\u0142ada si\u0119 z mi\u0119kkiej bonetki ozdobionej warkoczem i body z motywem warkocza na r\u0119kawie.\" \/>\n<meta property=\"og:url\" content=\"https:\/\/www.plumprops.com\/pl\/ubranka\/ubranko-welniane-do-sesji\/\" \/>\n<meta property=\"og:site_name\" content=\"Newborn Photography Props\" \/>\n<meta property=\"article:modified_time\" content=\"2025-06-01T00:13:03+00:00\" \/>\n<meta property=\"og:image\" content=\"https:\/\/www.plumprops.com\/wp-content\/uploads\/2020\/06\/3329.jpg\" \/>\n\t<meta property=\"og:image:width\" content=\"1400\" \/>\n\t<meta property=\"og:image:height\" content=\"927\" \/>\n<meta name=\"twitter:card\" content=\"summary_large_image\" \/>\n<script type=\"application\/ld+json\" class=\"yoast-schema-graph\">{\"@context\":\"https:\/\/schema.org\",\"@graph\":[{\"@type\":\"WebSite\",\"@id\":\"https:\/\/www.plumprops.com\/#website\",\"url\":\"https:\/\/www.plumprops.com\/\",\"name\":\"Newborn Photography Props\",\"description\":\"\",\"potentialAction\":[{\"@type\":\"SearchAction\",\"target\":\"https:\/\/www.plumprops.com\/?s={search_term_string}\",\"query-input\":\"required name=search_term_string\"}],\"inLanguage\":\"pl-PL\"},{\"@type\":\"ImageObject\",\"@id\":\"https:\/\/www.plumprops.com\/pl\/ubranka\/ubranko-welniane-do-sesji\/#primaryimage\",\"inLanguage\":\"pl-PL\",\"url\":\"https:\/\/www.plumprops.com\/wp-content\/uploads\/2020\/06\/3329.jpg\",\"width\":1400,\"height\":927},{\"@type\":\"WebPage\",\"@id\":\"https:\/\/www.plumprops.com\/pl\/ubranka\/ubranko-welniane-do-sesji\/#webpage\",\"url\":\"https:\/\/www.plumprops.com\/pl\/ubranka\/ubranko-welniane-do-sesji\/\",\"name\":\"Ubranko we\\u0142niane do sesji - Newborn Photography Props\",\"isPartOf\":{\"@id\":\"https:\/\/www.plumprops.com\/#website\"},\"primaryImageOfPage\":{\"@id\":\"https:\/\/www.plumprops.com\/pl\/ubranka\/ubranko-welniane-do-sesji\/#primaryimage\"},\"datePublished\":\"2020-02-19T20:27:23+00:00\",\"dateModified\":\"2025-06-01T00:13:03+00:00\",\"breadcrumb\":{\"@id\":\"https:\/\/www.plumprops.com\/pl\/ubranka\/ubranko-welniane-do-sesji\/#breadcrumb\"},\"inLanguage\":\"pl-PL\",\"potentialAction\":[{\"@type\":\"ReadAction\",\"target\":[\"https:\/\/www.plumprops.com\/pl\/ubranka\/ubranko-welniane-do-sesji\/\"]}]},{\"@type\":\"BreadcrumbList\",\"@id\":\"https:\/\/www.plumprops.com\/pl\/ubranka\/ubranko-welniane-do-sesji\/#breadcrumb\",\"itemListElement\":[{\"@type\":\"ListItem\",\"position\":1,\"item\":{\"@type\":\"WebPage\",\"@id\":\"https:\/\/www.plumprops.com\/pl\/\",\"url\":\"https:\/\/www.plumprops.com\/pl\/\",\"name\":\"Home\"}},{\"@type\":\"ListItem\",\"position\":2,\"item\":{\"@type\":\"WebPage\",\"@id\":\"https:\/\/www.plumprops.com\/pl\/sklep\/\",\"url\":\"https:\/\/www.plumprops.com\/pl\/sklep\/\",\"name\":\"Sklep\"}},{\"@type\":\"ListItem\",\"position\":3,\"item\":{\"@type\":\"WebPage\",\"@id\":\"https:\/\/www.plumprops.com\/pl\/ubranka\/ubranko-welniane-do-sesji\/\",\"url\":\"https:\/\/www.plumprops.com\/pl\/ubranka\/ubranko-welniane-do-sesji\/\",\"name\":\"Ubranko we\\u0142niane do sesji\"}}]}]}<\/script>\n<!-- \/ Yoast SEO plugin. -->","_links":{"self":[{"href":"https:\/\/www.plumprops.com\/pl\/wp-json\/wp\/v2\/product\/9941"}],"collection":[{"href":"https:\/\/www.plumprops.com\/pl\/wp-json\/wp\/v2\/product"}],"about":[{"href":"https:\/\/www.plumprops.com\/pl\/wp-json\/wp\/v2\/types\/product"}],"replies":[{"embeddable":true,"href":"https:\/\/www.plumprops.com\/pl\/wp-json\/wp\/v2\/comments?post=9941"}],"version-history":[{"count":0,"href":"https:\/\/www.plumprops.com\/pl\/wp-json\/wp\/v2\/product\/9941\/revisions"}],"wp:featuredmedia":[{"embeddable":true,"href":"https:\/\/www.plumprops.com\/pl\/wp-json\/wp\/v2\/media\/9934"}],"wp:attachment":[{"href":"https:\/\/www.plumprops.com\/pl\/wp-json\/wp\/v2\/media?parent=9941"}],"curies":[{"name":"wp","href":"https:\/\/api.w.org\/{rel}","templated":true}]}}